{"id":1440,"date":"2025-06-19T16:06:01","date_gmt":"2025-06-19T14:06:01","guid":{"rendered":"https:\/\/www.cuprumfoma.it\/sociale\/"},"modified":"2025-07-17T17:44:41","modified_gmt":"2025-07-17T15:44:41","slug":"sozial","status":"publish","type":"page","link":"https:\/\/www.cuprumfoma.it\/de\/werk\/sociale\/","title":{"rendered":"Sozial"},"content":{"rendered":"<div class=\"fusion-fullwidth fullwidth-box fusion-builder-row-1 fusion-flex-container has-pattern-background has-mask-background nonhundred-percent-fullwidth non-hundred-percent-height-scrolling\" style=\"--awb-border-radius-top-left:0px;--awb-border-radius-top-right:0px;--awb-border-radius-bottom-right:0px;--awb-border-radius-bottom-left:0px;--awb-flex-wrap:wrap;\" ><div class=\"fusion-builder-row fusion-row fusion-flex-align-items-flex-start fusion-flex-content-wrap\" style=\"max-width:1476.8px;margin-left: calc(-4% \/ 2 );margin-right: calc(-4% \/ 2 );\"><div class=\"fusion-layout-column fusion_builder_column fusion-builder-column-0 fusion_builder_column_1_4 1_4 fusion-flex-column pagina-left\" style=\"--awb-z-index:2;--awb-bg-size:cover;--awb-width-large:25%;--awb-margin-top-large:0px;--awb-spacing-right-large:7.68%;--awb-margin-bottom-large:20px;--awb-spacing-left-large:7.68%;--awb-width-medium:33.333333333333%;--awb-order-medium:0;--awb-spacing-right-medium:5.76%;--awb-spacing-left-medium:5.76%;--awb-width-small:100%;--awb-order-small:0;--awb-spacing-right-small:1.92%;--awb-spacing-left-small:1.92%;\" data-scroll-devices=\"small-visibility,medium-visibility,large-visibility\"><div class=\"fusion-column-wrapper fusion-column-has-shadow fusion-flex-justify-content-flex-start fusion-content-layout-column\"><div class=\"fusion-image-element \" style=\"text-align:center;--awb-caption-title-font-family:var(--h2_typography-font-family);--awb-caption-title-font-weight:var(--h2_typography-font-weight);--awb-caption-title-font-style:var(--h2_typography-font-style);--awb-caption-title-size:var(--h2_typography-font-size);--awb-caption-title-transform:var(--h2_typography-text-transform);--awb-caption-title-line-height:var(--h2_typography-line-height);--awb-caption-title-letter-spacing:var(--h2_typography-letter-spacing);\"><span class=\" fusion-imageframe imageframe-none imageframe-1 hover-type-none\" style=\"border-radius:4px;\"><a href=\"https:\/\/www.cuprumfoma.it\/wp-content\/uploads\/2025\/06\/albero-sociale.jpg\" class=\"fusion-lightbox\" data-rel=\"iLightbox[1e6febf906e920870eb]\" data-title=\"albero-sociale\" title=\"albero-sociale\"><img decoding=\"async\" width=\"1000\" height=\"534\" alt=\"Albero della vita per il sociale\" src=\"https:\/\/www.cuprumfoma.it\/wp-content\/uploads\/2025\/06\/albero-sociale.jpg\" class=\"img-responsive wp-image-256\" srcset=\"https:\/\/www.cuprumfoma.it\/wp-content\/uploads\/2025\/06\/albero-sociale-300x160.jpg 300w, https:\/\/www.cuprumfoma.it\/wp-content\/uploads\/2025\/06\/albero-sociale-768x410.jpg 768w, https:\/\/www.cuprumfoma.it\/wp-content\/uploads\/2025\/06\/albero-sociale.jpg 1000w\" sizes=\"(max-width: 1000px) 100vw, 1000px\" \/><\/a><\/span><\/div><\/div><\/div><div class=\"fusion-layout-column fusion_builder_column fusion-builder-column-1 fusion_builder_column_3_4 3_4 fusion-flex-column pagina-right\" style=\"--awb-z-index:1;--awb-bg-size:cover;--awb-width-large:75%;--awb-margin-top-large:0px;--awb-spacing-right-large:2.56%;--awb-margin-bottom-large:20px;--awb-spacing-left-large:2.56%;--awb-width-medium:66.666666666667%;--awb-order-medium:0;--awb-spacing-right-medium:2.88%;--awb-spacing-left-medium:2.88%;--awb-width-small:100%;--awb-order-small:0;--awb-spacing-right-small:1.92%;--awb-spacing-left-small:1.92%;\" data-scroll-devices=\"small-visibility,medium-visibility,large-visibility\"><div class=\"fusion-column-wrapper fusion-column-has-shadow fusion-flex-justify-content-flex-start fusion-content-layout-column\"><div class=\"fusion-title title fusion-title-1 fusion-sep-none fusion-title-text fusion-title-size-one\" style=\"--awb-margin-bottom:25px;--awb-margin-bottom-small:25px;\"><h1 class=\"fusion-title-heading title-heading-left\" style=\"margin:0;\">Der Mann steht f\u00fcr CUPRUMFOMA im Mittelpunkt<\/h1><\/div><div class=\"fusion-text fusion-text-1\"><ul>\n<li>Wir legen Wert auf die Unternehmenszugeh\u00f6rigkeit, indem wir die Einstellung der Kinder unserer Mitarbeiter f\u00f6rdern.<\/li>\n<li>Wir glauben an Wissen und K\u00f6nnen. Wir organisieren laufende Schulungen f\u00fcr jede Abteilung \u00fcber Qualit\u00e4t, , technische Zeichnung und Arbeitssicherheit.<\/li>\n<li>Wir zielen auf die Zukunft und auf die Entwicklung , bieten Stipendien f\u00fcr w\u00fcrdige Studenten, Praktika f\u00fcr Studenten in Ingenieurwesen und der<\/li>\n<li>Technischen Hochschulen, unterzeichnen Abkommen mit Universit\u00e4ten und Berufsschulen;<\/li>\n<li>Wir wenden Gehalts- und Belohnungsstrategien an, die an Leistungs-, Qualit\u00e4ts-, Beteiligungs- und laufende Verbesserungsziele gebunden sind;<\/li>\n<li>Wir legen in der Gemeinschaft an, durch kulturelle und sportliche Unterst\u00fctzungen, soziale Projekte, Studien- und Innovationsprojekte.<\/li>\n<\/ul>\n<\/div><\/div><\/div><\/div><\/div>\n","protected":false},"excerpt":{"rendered":"","protected":false},"author":1,"featured_media":0,"parent":0,"menu_order":0,"comment_status":"closed","ping_status":"closed","template":"100-width.php","meta":{"_acf_changed":false,"footnotes":""},"class_list":["post-1440","page","type-page","status-publish","hentry"],"acf":[],"yoast_head":"<!-- This site is optimized with the Yoast SEO plugin v25.6 - https:\/\/yoast.com\/wordpress\/plugins\/seo\/ -->\r\n<title>Sozial - CUPRUMFOMA S.p.A.<\/title>\r\n<meta name=\"robots\" content=\"index, follow, max-snippet:-1, max-image-preview:large, max-video-preview:-1\" \/>\r\n<link rel=\"canonical\" href=\"https:\/\/www.cuprumfoma.it\/de\/werk\/sociale\/\" \/>\r\n<meta property=\"og:locale\" content=\"de_DE\" \/>\r\n<meta property=\"og:type\" content=\"article\" \/>\r\n<meta property=\"og:title\" content=\"Sozial - CUPRUMFOMA S.p.A.\" \/>\r\n<meta property=\"og:url\" content=\"https:\/\/www.cuprumfoma.it\/de\/werk\/sociale\/\" \/>\r\n<meta property=\"og:site_name\" content=\"CUPRUMFOMA S.p.A.\" \/>\r\n<meta property=\"article:modified_time\" content=\"2025-07-17T15:44:41+00:00\" \/>\r\n<meta name=\"twitter:card\" content=\"summary_large_image\" \/>\r\n<meta name=\"twitter:label1\" content=\"Gesch\u00e4tzte Lesezeit\" \/>\n\t<meta name=\"twitter:data1\" content=\"12\u00a0Minuten\" \/>\r\n<script type=\"application\/ld+json\" class=\"yoast-schema-graph\">{\"@context\":\"https:\/\/schema.org\",\"@graph\":[{\"@type\":\"WebPage\",\"@id\":\"https:\/\/www.cuprumfoma.it\/de\/werk\/sociale\/\",\"url\":\"https:\/\/www.cuprumfoma.it\/de\/werk\/sociale\/\",\"name\":\"Sozial - CUPRUMFOMA S.p.A.\",\"isPartOf\":{\"@id\":\"https:\/\/www.cuprumfoma.it\/de\/#website\"},\"datePublished\":\"2025-06-19T14:06:01+00:00\",\"dateModified\":\"2025-07-17T15:44:41+00:00\",\"breadcrumb\":{\"@id\":\"https:\/\/www.cuprumfoma.it\/de\/werk\/sociale\/#breadcrumb\"},\"inLanguage\":\"de\",\"potentialAction\":[{\"@type\":\"ReadAction\",\"target\":[\"https:\/\/www.cuprumfoma.it\/de\/werk\/sociale\/\"]}]},{\"@type\":\"BreadcrumbList\",\"@id\":\"https:\/\/www.cuprumfoma.it\/de\/werk\/sociale\/#breadcrumb\",\"itemListElement\":[{\"@type\":\"ListItem\",\"position\":1,\"name\":\"Home\",\"item\":\"https:\/\/www.cuprumfoma.it\/de\/\"},{\"@type\":\"ListItem\",\"position\":2,\"name\":\"Sozial\"}]},{\"@type\":\"WebSite\",\"@id\":\"https:\/\/www.cuprumfoma.it\/de\/#website\",\"url\":\"https:\/\/www.cuprumfoma.it\/de\/\",\"name\":\"CUPRUMFOMA S.p.A.\",\"description\":\"Qualit\u00e0 e organizzazione al vostro servizio\",\"publisher\":{\"@id\":\"https:\/\/www.cuprumfoma.it\/de\/#organization\"},\"potentialAction\":[{\"@type\":\"SearchAction\",\"target\":{\"@type\":\"EntryPoint\",\"urlTemplate\":\"https:\/\/www.cuprumfoma.it\/de\/?s={search_term_string}\"},\"query-input\":{\"@type\":\"PropertyValueSpecification\",\"valueRequired\":true,\"valueName\":\"search_term_string\"}}],\"inLanguage\":\"de\"},{\"@type\":\"Organization\",\"@id\":\"https:\/\/www.cuprumfoma.it\/de\/#organization\",\"name\":\"CUPRUMFOMA S.p.A.\",\"url\":\"https:\/\/www.cuprumfoma.it\/de\/\",\"logo\":{\"@type\":\"ImageObject\",\"inLanguage\":\"de\",\"@id\":\"https:\/\/www.cuprumfoma.it\/de\/#\/schema\/logo\/image\/\",\"url\":\"https:\/\/www.cuprumfoma.it\/wp-content\/uploads\/2025\/06\/logo-cuprumfoma-rame.png\",\"contentUrl\":\"https:\/\/www.cuprumfoma.it\/wp-content\/uploads\/2025\/06\/logo-cuprumfoma-rame.png\",\"width\":239,\"height\":53,\"caption\":\"CUPRUMFOMA S.p.A.\"},\"image\":{\"@id\":\"https:\/\/www.cuprumfoma.it\/de\/#\/schema\/logo\/image\/\"}}]}<\/script>\r\n<!-- \/ Yoast SEO plugin. -->","yoast_head_json":{"title":"Sozial - CUPRUMFOMA S.p.A.","robots":{"index":"index","follow":"follow","max-snippet":"max-snippet:-1","max-image-preview":"max-image-preview:large","max-video-preview":"max-video-preview:-1"},"canonical":"https:\/\/www.cuprumfoma.it\/de\/werk\/sociale\/","og_locale":"de_DE","og_type":"article","og_title":"Sozial - CUPRUMFOMA S.p.A.","og_url":"https:\/\/www.cuprumfoma.it\/de\/werk\/sociale\/","og_site_name":"CUPRUMFOMA S.p.A.","article_modified_time":"2025-07-17T15:44:41+00:00","twitter_card":"summary_large_image","twitter_misc":{"Gesch\u00e4tzte Lesezeit":"12\u00a0Minuten"},"schema":{"@context":"https:\/\/schema.org","@graph":[{"@type":"WebPage","@id":"https:\/\/www.cuprumfoma.it\/de\/werk\/sociale\/","url":"https:\/\/www.cuprumfoma.it\/de\/werk\/sociale\/","name":"Sozial - CUPRUMFOMA S.p.A.","isPartOf":{"@id":"https:\/\/www.cuprumfoma.it\/de\/#website"},"datePublished":"2025-06-19T14:06:01+00:00","dateModified":"2025-07-17T15:44:41+00:00","breadcrumb":{"@id":"https:\/\/www.cuprumfoma.it\/de\/werk\/sociale\/#breadcrumb"},"inLanguage":"de","potentialAction":[{"@type":"ReadAction","target":["https:\/\/www.cuprumfoma.it\/de\/werk\/sociale\/"]}]},{"@type":"BreadcrumbList","@id":"https:\/\/www.cuprumfoma.it\/de\/werk\/sociale\/#breadcrumb","itemListElement":[{"@type":"ListItem","position":1,"name":"Home","item":"https:\/\/www.cuprumfoma.it\/de\/"},{"@type":"ListItem","position":2,"name":"Sozial"}]},{"@type":"WebSite","@id":"https:\/\/www.cuprumfoma.it\/de\/#website","url":"https:\/\/www.cuprumfoma.it\/de\/","name":"CUPRUMFOMA S.p.A.","description":"Qualit\u00e0 e organizzazione al vostro servizio","publisher":{"@id":"https:\/\/www.cuprumfoma.it\/de\/#organization"},"potentialAction":[{"@type":"SearchAction","target":{"@type":"EntryPoint","urlTemplate":"https:\/\/www.cuprumfoma.it\/de\/?s={search_term_string}"},"query-input":{"@type":"PropertyValueSpecification","valueRequired":true,"valueName":"search_term_string"}}],"inLanguage":"de"},{"@type":"Organization","@id":"https:\/\/www.cuprumfoma.it\/de\/#organization","name":"CUPRUMFOMA S.p.A.","url":"https:\/\/www.cuprumfoma.it\/de\/","logo":{"@type":"ImageObject","inLanguage":"de","@id":"https:\/\/www.cuprumfoma.it\/de\/#\/schema\/logo\/image\/","url":"https:\/\/www.cuprumfoma.it\/wp-content\/uploads\/2025\/06\/logo-cuprumfoma-rame.png","contentUrl":"https:\/\/www.cuprumfoma.it\/wp-content\/uploads\/2025\/06\/logo-cuprumfoma-rame.png","width":239,"height":53,"caption":"CUPRUMFOMA S.p.A."},"image":{"@id":"https:\/\/www.cuprumfoma.it\/de\/#\/schema\/logo\/image\/"}}]}},"_links":{"self":[{"href":"https:\/\/www.cuprumfoma.it\/de\/wp-json\/wp\/v2\/pages\/1440","targetHints":{"allow":["GET"]}}],"collection":[{"href":"https:\/\/www.cuprumfoma.it\/de\/wp-json\/wp\/v2\/pages"}],"about":[{"href":"https:\/\/www.cuprumfoma.it\/de\/wp-json\/wp\/v2\/types\/page"}],"author":[{"embeddable":true,"href":"https:\/\/www.cuprumfoma.it\/de\/wp-json\/wp\/v2\/users\/1"}],"replies":[{"embeddable":true,"href":"https:\/\/www.cuprumfoma.it\/de\/wp-json\/wp\/v2\/comments?post=1440"}],"version-history":[{"count":1,"href":"https:\/\/www.cuprumfoma.it\/de\/wp-json\/wp\/v2\/pages\/1440\/revisions"}],"predecessor-version":[{"id":1441,"href":"https:\/\/www.cuprumfoma.it\/de\/wp-json\/wp\/v2\/pages\/1440\/revisions\/1441"}],"wp:attachment":[{"href":"https:\/\/www.cuprumfoma.it\/de\/wp-json\/wp\/v2\/media?parent=1440"}],"curies":[{"name":"wp","href":"https:\/\/api.w.org\/{rel}","templated":true}]}}