{"id":1712,"date":"2025-06-19T16:20:45","date_gmt":"2025-06-19T14:20:45","guid":{"rendered":"https:\/\/www.cuprumfoma.it\/ambiente-e-sicurezza\/"},"modified":"2025-07-18T08:41:04","modified_gmt":"2025-07-18T06:41:04","slug":"ambiente-e-sicurezza","status":"publish","type":"page","link":"https:\/\/www.cuprumfoma.it\/de\/werk\/ambiente-e-sicurezza\/","title":{"rendered":"Umwelt und Sicherheit"},"content":{"rendered":"<div class=\"fusion-fullwidth fullwidth-box fusion-builder-row-1 fusion-flex-container has-pattern-background has-mask-background nonhundred-percent-fullwidth non-hundred-percent-height-scrolling\" style=\"--awb-border-radius-top-left:0px;--awb-border-radius-top-right:0px;--awb-border-radius-bottom-right:0px;--awb-border-radius-bottom-left:0px;--awb-flex-wrap:wrap;\" ><div class=\"fusion-builder-row fusion-row fusion-flex-align-items-flex-start fusion-flex-content-wrap\" style=\"max-width:1476.8px;margin-left: calc(-4% \/ 2 );margin-right: calc(-4% \/ 2 );\"><div class=\"fusion-layout-column fusion_builder_column fusion-builder-column-0 fusion_builder_column_1_4 1_4 fusion-flex-column pagina-left\" style=\"--awb-z-index:2;--awb-bg-size:cover;--awb-width-large:25%;--awb-margin-top-large:0px;--awb-spacing-right-large:7.68%;--awb-margin-bottom-large:20px;--awb-spacing-left-large:7.68%;--awb-width-medium:33.333333333333%;--awb-order-medium:0;--awb-spacing-right-medium:5.76%;--awb-spacing-left-medium:5.76%;--awb-width-small:100%;--awb-order-small:0;--awb-spacing-right-small:1.92%;--awb-spacing-left-small:1.92%;\" data-scroll-devices=\"small-visibility,medium-visibility,large-visibility\"><div class=\"fusion-column-wrapper fusion-column-has-shadow fusion-flex-justify-content-flex-start fusion-content-layout-column\"><div class=\"fusion-image-element \" style=\"text-align:center;--awb-caption-title-font-family:var(--h2_typography-font-family);--awb-caption-title-font-weight:var(--h2_typography-font-weight);--awb-caption-title-font-style:var(--h2_typography-font-style);--awb-caption-title-size:var(--h2_typography-font-size);--awb-caption-title-transform:var(--h2_typography-text-transform);--awb-caption-title-line-height:var(--h2_typography-line-height);--awb-caption-title-letter-spacing:var(--h2_typography-letter-spacing);\"><span class=\" fusion-imageframe imageframe-none imageframe-1 hover-type-none\" style=\"border-radius:4px;\"><a href=\"https:\/\/www.cuprumfoma.it\/wp-content\/uploads\/2025\/06\/ambiente-sicurezza.jpg\" class=\"fusion-lightbox\" data-rel=\"iLightbox[6bd0dda965fe0c0781c]\" data-title=\"ambiente-sicurezza\" title=\"ambiente-sicurezza\"><img decoding=\"async\" width=\"775\" height=\"358\" alt=\"Albero verde in mezzo alla natura\" src=\"https:\/\/www.cuprumfoma.it\/wp-content\/uploads\/2025\/06\/ambiente-sicurezza.jpg\" class=\"img-responsive wp-image-286\" srcset=\"https:\/\/www.cuprumfoma.it\/wp-content\/uploads\/2025\/06\/ambiente-sicurezza-300x139.jpg 300w, https:\/\/www.cuprumfoma.it\/wp-content\/uploads\/2025\/06\/ambiente-sicurezza-768x355.jpg 768w, https:\/\/www.cuprumfoma.it\/wp-content\/uploads\/2025\/06\/ambiente-sicurezza.jpg 775w\" sizes=\"(max-width: 775px) 100vw, 775px\" \/><\/a><\/span><\/div><\/div><\/div><div class=\"fusion-layout-column fusion_builder_column fusion-builder-column-1 fusion_builder_column_3_4 3_4 fusion-flex-column pagina-right\" style=\"--awb-z-index:1;--awb-bg-size:cover;--awb-width-large:75%;--awb-margin-top-large:0px;--awb-spacing-right-large:2.56%;--awb-margin-bottom-large:20px;--awb-spacing-left-large:2.56%;--awb-width-medium:66.666666666667%;--awb-order-medium:0;--awb-spacing-right-medium:2.88%;--awb-spacing-left-medium:2.88%;--awb-width-small:100%;--awb-order-small:0;--awb-spacing-right-small:1.92%;--awb-spacing-left-small:1.92%;\" data-scroll-devices=\"small-visibility,medium-visibility,large-visibility\"><div class=\"fusion-column-wrapper fusion-column-has-shadow fusion-flex-justify-content-flex-start fusion-content-layout-column\"><div class=\"fusion-title title fusion-title-1 fusion-sep-none fusion-title-text fusion-title-size-one\" style=\"--awb-margin-bottom:25px;--awb-margin-bottom-small:25px;\"><h1 class=\"fusion-title-heading title-heading-left\" style=\"margin:0;\">Wir stellen bewusst her<\/h1><\/div><div class=\"fusion-text fusion-text-1\"><p>2014: Die Zertifizierung ISO 45001-2018 wird erhalten.<\/p>\n<p>2015: Die Zertifizierung UNI EN ISO 14001:2004 wird erhalten.<\/p>\n<ul>\n<li>CUPRUMFOMA betrachtet den Umwelt- und Gesundheitsschutz und die Sicherheit am Arbeitsplatz als strategisch wichtig, deshalb hat sich das Unternehmen im Laufe der Jahre stets bem\u00fcht, die h\u00f6chsten Ergebnisse zu erzielen.<\/li>\n<li>Erkennt dass die Ziele des Umwelt-, Gesundheits- und Sicherheitsmanagementsystems so wichtig sind als diejenige der Produktivit\u00e4t und Rentabilit\u00e4t und dass die Verantwortung f\u00fcr deren Erreichung, in der Organisationsstruktur liegt.<\/li>\n<li>Ber\u00fccksichtigt die Einhaltung aller gesetzlichen Bestimmungen und sonstigen vom Unternehmen unterzeichnete Dokumente bez\u00fcglich der eigenen Gefahren als obligatorische Mindestanforderung.<\/li>\n<li>Verpflichtet sich, alle Ma\u00dfnahmen zur Verhinderung von Umweltverschmutzung und zur Reduzierung der Gesundheits- und Sicherheitsrisiken, sowie zur Verhinderung von Unf\u00e4llen an allen Arbeitspl\u00e4tzen deren T\u00e4tigkeiten unter seiner Kontrolle durchgef\u00fchrt werden, wirksam umzusetzen.<\/li>\n<li>Verpflichtet sich, Produkte, Prozesse, Dienstleistungen, T\u00e4tigkeiten und Verhalten st\u00e4ndig zu verbessern und so gering wie m\u00f6glich, die Auswirkungen auf die Umwelt, die Gesundheit, die Sicherheit am Arbeitsplatz zu halten und Unf\u00e4lle sowie Notf\u00e4lle zu vermeiden.<\/li>\n<li>Verpflichtet sich, den Verbrauch von Energie und nat\u00fcrlichen Ressourcen so weit wie m\u00f6glich zu rationalisieren.<\/li>\n<li>Es werden mittel- und langfristige Programme geplant, die zum Umweltschutz und zur Reduzierung und Kontrolle der Gesundheits- und Sicherheitsrisiken erforderlich sind, welche im Laufe der weiteren technologischen Entwicklung, der neuen Entdeckungen und der Erfahrung st\u00e4ndig aktualisiert werden.<\/li>\n<li>Stellt sicher, dass die Richtlinie und das Umwelt-, Gesundheits- und Sicherheitsmanagement kontinuierlich \u00fcberwacht und in jedem Teil \u00fcberpr\u00fcft werden, um die gesetzten Ziele zu verfolgen.<\/li>\n<li>Entwickelt, pflegt und \u00fcberpr\u00fcft ein Dokumentensystem, einschlie\u00dflich Notfallverfahren.<\/li>\n<li>F\u00f6rdert die Erh\u00f6hung von Professionalit\u00e4t und Kompetenz, sowie der Sensibilit\u00e4t gegen\u00fcber Umwelt, Gesundheit und Sicherheit am Arbeitsplatz der eigenen Mitarbeiter und der Dritten mit denen es zu tun hat, durch Information, Ausbildung und Training.<\/li>\n<li>Informiert Lieferanten und Auftragnehmer \u00fcber die aktuelle Umwelt- Gesundheits- und Arbeitsschutzpolitik und f\u00f6rdert die enge Zusammenarbeit, um die besten Ergebnisse in Bezug auf die Umweltleistung zu erzielen.<\/li>\n<li>Erh\u00e4lt aufrecht und f\u00f6rdert konstruktive Kommunikationsbeziehungen zu den hiesigen Gemeinschaften und zu den Beh\u00f6rden der verschiedenen Sektoren f\u00fcr Umwelt, Gesundheit und Sicherheit am Arbeitsplatz.<\/li>\n<\/ul>\n<\/div><\/div><\/div><\/div><\/div>\n","protected":false},"excerpt":{"rendered":"","protected":false},"author":1,"featured_media":0,"parent":0,"menu_order":0,"comment_status":"closed","ping_status":"closed","template":"100-width.php","meta":{"_acf_changed":false,"footnotes":""},"class_list":["post-1712","page","type-page","status-publish","hentry"],"acf":[],"yoast_head":"<!-- This site is optimized with the Yoast SEO plugin v25.6 - https:\/\/yoast.com\/wordpress\/plugins\/seo\/ -->\r\n<title>Umwelt und Sicherheit - CUPRUMFOMA S.p.A.<\/title>\r\n<meta name=\"robots\" content=\"index, follow, max-snippet:-1, max-image-preview:large, max-video-preview:-1\" \/>\r\n<link rel=\"canonical\" href=\"https:\/\/www.cuprumfoma.it\/de\/werk\/ambiente-e-sicurezza\/\" \/>\r\n<meta property=\"og:locale\" content=\"de_DE\" \/>\r\n<meta property=\"og:type\" content=\"article\" \/>\r\n<meta property=\"og:title\" content=\"Umwelt und Sicherheit - CUPRUMFOMA S.p.A.\" \/>\r\n<meta property=\"og:url\" content=\"https:\/\/www.cuprumfoma.it\/de\/werk\/ambiente-e-sicurezza\/\" \/>\r\n<meta property=\"og:site_name\" content=\"CUPRUMFOMA S.p.A.\" \/>\r\n<meta property=\"article:modified_time\" content=\"2025-07-18T06:41:04+00:00\" \/>\r\n<meta name=\"twitter:card\" content=\"summary_large_image\" \/>\r\n<meta name=\"twitter:label1\" content=\"Gesch\u00e4tzte Lesezeit\" \/>\n\t<meta name=\"twitter:data1\" content=\"13\u00a0Minuten\" \/>\r\n<script type=\"application\/ld+json\" class=\"yoast-schema-graph\">{\"@context\":\"https:\/\/schema.org\",\"@graph\":[{\"@type\":\"WebPage\",\"@id\":\"https:\/\/www.cuprumfoma.it\/de\/werk\/ambiente-e-sicurezza\/\",\"url\":\"https:\/\/www.cuprumfoma.it\/de\/werk\/ambiente-e-sicurezza\/\",\"name\":\"Umwelt und Sicherheit - CUPRUMFOMA S.p.A.\",\"isPartOf\":{\"@id\":\"https:\/\/www.cuprumfoma.it\/de\/#website\"},\"datePublished\":\"2025-06-19T14:20:45+00:00\",\"dateModified\":\"2025-07-18T06:41:04+00:00\",\"breadcrumb\":{\"@id\":\"https:\/\/www.cuprumfoma.it\/de\/werk\/ambiente-e-sicurezza\/#breadcrumb\"},\"inLanguage\":\"de\",\"potentialAction\":[{\"@type\":\"ReadAction\",\"target\":[\"https:\/\/www.cuprumfoma.it\/de\/werk\/ambiente-e-sicurezza\/\"]}]},{\"@type\":\"BreadcrumbList\",\"@id\":\"https:\/\/www.cuprumfoma.it\/de\/werk\/ambiente-e-sicurezza\/#breadcrumb\",\"itemListElement\":[{\"@type\":\"ListItem\",\"position\":1,\"name\":\"Home\",\"item\":\"https:\/\/www.cuprumfoma.it\/de\/\"},{\"@type\":\"ListItem\",\"position\":2,\"name\":\"Umwelt und Sicherheit\"}]},{\"@type\":\"WebSite\",\"@id\":\"https:\/\/www.cuprumfoma.it\/de\/#website\",\"url\":\"https:\/\/www.cuprumfoma.it\/de\/\",\"name\":\"CUPRUMFOMA S.p.A.\",\"description\":\"Qualit\u00e0 e organizzazione al vostro servizio\",\"publisher\":{\"@id\":\"https:\/\/www.cuprumfoma.it\/de\/#organization\"},\"potentialAction\":[{\"@type\":\"SearchAction\",\"target\":{\"@type\":\"EntryPoint\",\"urlTemplate\":\"https:\/\/www.cuprumfoma.it\/de\/?s={search_term_string}\"},\"query-input\":{\"@type\":\"PropertyValueSpecification\",\"valueRequired\":true,\"valueName\":\"search_term_string\"}}],\"inLanguage\":\"de\"},{\"@type\":\"Organization\",\"@id\":\"https:\/\/www.cuprumfoma.it\/de\/#organization\",\"name\":\"CUPRUMFOMA S.p.A.\",\"url\":\"https:\/\/www.cuprumfoma.it\/de\/\",\"logo\":{\"@type\":\"ImageObject\",\"inLanguage\":\"de\",\"@id\":\"https:\/\/www.cuprumfoma.it\/de\/#\/schema\/logo\/image\/\",\"url\":\"https:\/\/www.cuprumfoma.it\/wp-content\/uploads\/2025\/06\/logo-cuprumfoma-rame.png\",\"contentUrl\":\"https:\/\/www.cuprumfoma.it\/wp-content\/uploads\/2025\/06\/logo-cuprumfoma-rame.png\",\"width\":239,\"height\":53,\"caption\":\"CUPRUMFOMA S.p.A.\"},\"image\":{\"@id\":\"https:\/\/www.cuprumfoma.it\/de\/#\/schema\/logo\/image\/\"}}]}<\/script>\r\n<!-- \/ Yoast SEO plugin. -->","yoast_head_json":{"title":"Umwelt und Sicherheit - CUPRUMFOMA S.p.A.","robots":{"index":"index","follow":"follow","max-snippet":"max-snippet:-1","max-image-preview":"max-image-preview:large","max-video-preview":"max-video-preview:-1"},"canonical":"https:\/\/www.cuprumfoma.it\/de\/werk\/ambiente-e-sicurezza\/","og_locale":"de_DE","og_type":"article","og_title":"Umwelt und Sicherheit - CUPRUMFOMA S.p.A.","og_url":"https:\/\/www.cuprumfoma.it\/de\/werk\/ambiente-e-sicurezza\/","og_site_name":"CUPRUMFOMA S.p.A.","article_modified_time":"2025-07-18T06:41:04+00:00","twitter_card":"summary_large_image","twitter_misc":{"Gesch\u00e4tzte Lesezeit":"13\u00a0Minuten"},"schema":{"@context":"https:\/\/schema.org","@graph":[{"@type":"WebPage","@id":"https:\/\/www.cuprumfoma.it\/de\/werk\/ambiente-e-sicurezza\/","url":"https:\/\/www.cuprumfoma.it\/de\/werk\/ambiente-e-sicurezza\/","name":"Umwelt und Sicherheit - CUPRUMFOMA S.p.A.","isPartOf":{"@id":"https:\/\/www.cuprumfoma.it\/de\/#website"},"datePublished":"2025-06-19T14:20:45+00:00","dateModified":"2025-07-18T06:41:04+00:00","breadcrumb":{"@id":"https:\/\/www.cuprumfoma.it\/de\/werk\/ambiente-e-sicurezza\/#breadcrumb"},"inLanguage":"de","potentialAction":[{"@type":"ReadAction","target":["https:\/\/www.cuprumfoma.it\/de\/werk\/ambiente-e-sicurezza\/"]}]},{"@type":"BreadcrumbList","@id":"https:\/\/www.cuprumfoma.it\/de\/werk\/ambiente-e-sicurezza\/#breadcrumb","itemListElement":[{"@type":"ListItem","position":1,"name":"Home","item":"https:\/\/www.cuprumfoma.it\/de\/"},{"@type":"ListItem","position":2,"name":"Umwelt und Sicherheit"}]},{"@type":"WebSite","@id":"https:\/\/www.cuprumfoma.it\/de\/#website","url":"https:\/\/www.cuprumfoma.it\/de\/","name":"CUPRUMFOMA S.p.A.","description":"Qualit\u00e0 e organizzazione al vostro servizio","publisher":{"@id":"https:\/\/www.cuprumfoma.it\/de\/#organization"},"potentialAction":[{"@type":"SearchAction","target":{"@type":"EntryPoint","urlTemplate":"https:\/\/www.cuprumfoma.it\/de\/?s={search_term_string}"},"query-input":{"@type":"PropertyValueSpecification","valueRequired":true,"valueName":"search_term_string"}}],"inLanguage":"de"},{"@type":"Organization","@id":"https:\/\/www.cuprumfoma.it\/de\/#organization","name":"CUPRUMFOMA S.p.A.","url":"https:\/\/www.cuprumfoma.it\/de\/","logo":{"@type":"ImageObject","inLanguage":"de","@id":"https:\/\/www.cuprumfoma.it\/de\/#\/schema\/logo\/image\/","url":"https:\/\/www.cuprumfoma.it\/wp-content\/uploads\/2025\/06\/logo-cuprumfoma-rame.png","contentUrl":"https:\/\/www.cuprumfoma.it\/wp-content\/uploads\/2025\/06\/logo-cuprumfoma-rame.png","width":239,"height":53,"caption":"CUPRUMFOMA S.p.A."},"image":{"@id":"https:\/\/www.cuprumfoma.it\/de\/#\/schema\/logo\/image\/"}}]}},"_links":{"self":[{"href":"https:\/\/www.cuprumfoma.it\/de\/wp-json\/wp\/v2\/pages\/1712","targetHints":{"allow":["GET"]}}],"collection":[{"href":"https:\/\/www.cuprumfoma.it\/de\/wp-json\/wp\/v2\/pages"}],"about":[{"href":"https:\/\/www.cuprumfoma.it\/de\/wp-json\/wp\/v2\/types\/page"}],"author":[{"embeddable":true,"href":"https:\/\/www.cuprumfoma.it\/de\/wp-json\/wp\/v2\/users\/1"}],"replies":[{"embeddable":true,"href":"https:\/\/www.cuprumfoma.it\/de\/wp-json\/wp\/v2\/comments?post=1712"}],"version-history":[{"count":2,"href":"https:\/\/www.cuprumfoma.it\/de\/wp-json\/wp\/v2\/pages\/1712\/revisions"}],"predecessor-version":[{"id":1714,"href":"https:\/\/www.cuprumfoma.it\/de\/wp-json\/wp\/v2\/pages\/1712\/revisions\/1714"}],"wp:attachment":[{"href":"https:\/\/www.cuprumfoma.it\/de\/wp-json\/wp\/v2\/media?parent=1712"}],"curies":[{"name":"wp","href":"https:\/\/api.w.org\/{rel}","templated":true}]}}