{"id":1764,"date":"2025-06-20T08:35:36","date_gmt":"2025-06-20T06:35:36","guid":{"rendered":"https:\/\/www.cuprumfoma.it\/qualita\/"},"modified":"2025-07-18T09:10:46","modified_gmt":"2025-07-18T07:10:46","slug":"qualita","status":"publish","type":"page","link":"https:\/\/www.cuprumfoma.it\/de\/qualitaet\/","title":{"rendered":"Qualit\u00e4t"},"content":{"rendered":"<div class=\"fusion-fullwidth fullwidth-box fusion-builder-row-1 fusion-flex-container has-pattern-background has-mask-background nonhundred-percent-fullwidth non-hundred-percent-height-scrolling\" style=\"--awb-border-radius-top-left:0px;--awb-border-radius-top-right:0px;--awb-border-radius-bottom-right:0px;--awb-border-radius-bottom-left:0px;--awb-flex-wrap:wrap;\" ><div class=\"fusion-builder-row fusion-row fusion-flex-align-items-flex-start fusion-flex-content-wrap\" style=\"max-width:1476.8px;margin-left: calc(-4% \/ 2 );margin-right: calc(-4% \/ 2 );\"><div class=\"fusion-layout-column fusion_builder_column fusion-builder-column-0 fusion_builder_column_1_4 1_4 fusion-flex-column pagina-left\" style=\"--awb-z-index:2;--awb-bg-size:cover;--awb-width-large:25%;--awb-margin-top-large:0px;--awb-spacing-right-large:7.68%;--awb-margin-bottom-large:20px;--awb-spacing-left-large:7.68%;--awb-width-medium:33.333333333333%;--awb-order-medium:0;--awb-spacing-right-medium:5.76%;--awb-spacing-left-medium:5.76%;--awb-width-small:100%;--awb-order-small:0;--awb-spacing-right-small:1.92%;--awb-spacing-left-small:1.92%;\" data-scroll-devices=\"small-visibility,medium-visibility,large-visibility\"><div class=\"fusion-column-wrapper fusion-column-has-shadow fusion-flex-justify-content-flex-start fusion-content-layout-column\"><div class=\"awb-gallery-wrapper awb-gallery-wrapper-1 button-span-no\" style=\"--more-btn-alignment:center;\"><div style=\"margin:-5px;--awb-aspect-ratio:1 \/ 1;--awb-bordersize:0px;--awb-border-radius:4px;--awb-columns-medium:50%;--awb-columns-small:50%;\" class=\"fusion-gallery fusion-gallery-container fusion-grid-2 fusion-columns-total-4 fusion-gallery-layout-grid fusion-gallery-1 gallery-profilo has-aspect-ratio\"><div style=\"padding:5px;\" class=\"fusion-grid-column fusion-gallery-column fusion-gallery-column-2 hover-type-zoomin\"><div class=\"fusion-gallery-image\"><a href=\"https:\/\/www.cuprumfoma.it\/wp-content\/uploads\/2025\/06\/gallery-qualita-1.jpg\" rel=\"noreferrer\" data-rel=\"iLightbox[gallery_image_1]\" class=\"fusion-lightbox\" target=\"_self\"><img decoding=\"async\" src=\"https:\/\/www.cuprumfoma.it\/wp-content\/uploads\/2025\/06\/gallery-qualita-1.jpg\" width=\"482\" height=\"600\" alt=\"\" title=\"gallery-qualita-1\" aria-label=\"gallery-qualita-1\" class=\"img-responsive wp-image-374\" srcset=\"https:\/\/www.cuprumfoma.it\/wp-content\/uploads\/2025\/06\/gallery-qualita-1-241x300.jpg 241w, https:\/\/www.cuprumfoma.it\/wp-content\/uploads\/2025\/06\/gallery-qualita-1.jpg 482w\" sizes=\"(max-width: 482px) 100vw, 482px\" \/><\/a><\/div><\/div><div style=\"padding:5px;\" class=\"fusion-grid-column fusion-gallery-column fusion-gallery-column-2 hover-type-zoomin\"><div class=\"fusion-gallery-image\"><a href=\"https:\/\/www.cuprumfoma.it\/wp-content\/uploads\/2025\/06\/gallery-qualita-2.jpg\" rel=\"noreferrer\" data-rel=\"iLightbox[gallery_image_1]\" class=\"fusion-lightbox\" target=\"_self\"><img decoding=\"async\" src=\"https:\/\/www.cuprumfoma.it\/wp-content\/uploads\/2025\/06\/gallery-qualita-2.jpg\" width=\"800\" height=\"392\" alt=\"\" title=\"gallery-qualita-2\" aria-label=\"gallery-qualita-2\" class=\"img-responsive wp-image-368\" srcset=\"https:\/\/www.cuprumfoma.it\/wp-content\/uploads\/2025\/06\/gallery-qualita-2-300x147.jpg 300w, https:\/\/www.cuprumfoma.it\/wp-content\/uploads\/2025\/06\/gallery-qualita-2-768x376.jpg 768w, https:\/\/www.cuprumfoma.it\/wp-content\/uploads\/2025\/06\/gallery-qualita-2.jpg 800w\" sizes=\"(max-width: 800px) 100vw, 800px\" \/><\/a><\/div><\/div><div class=\"clearfix\"><\/div><div style=\"padding:5px;\" class=\"fusion-grid-column fusion-gallery-column fusion-gallery-column-2 hover-type-zoomin\"><div class=\"fusion-gallery-image\"><a href=\"https:\/\/www.cuprumfoma.it\/wp-content\/uploads\/2025\/06\/gallery-qualita-3.jpg\" rel=\"noreferrer\" data-rel=\"iLightbox[gallery_image_1]\" class=\"fusion-lightbox\" target=\"_self\"><img decoding=\"async\" src=\"https:\/\/www.cuprumfoma.it\/wp-content\/uploads\/2025\/06\/gallery-qualita-3.jpg\" width=\"248\" height=\"500\" alt=\"\" title=\"gallery-qualita-3\" aria-label=\"gallery-qualita-3\" class=\"img-responsive wp-image-362\" srcset=\"https:\/\/www.cuprumfoma.it\/wp-content\/uploads\/2025\/06\/gallery-qualita-3-149x300.jpg 149w, https:\/\/www.cuprumfoma.it\/wp-content\/uploads\/2025\/06\/gallery-qualita-3.jpg 248w\" sizes=\"(max-width: 248px) 100vw, 248px\" \/><\/a><\/div><\/div><div style=\"padding:5px;\" class=\"fusion-grid-column fusion-gallery-column fusion-gallery-column-2 hover-type-zoomin\"><div class=\"fusion-gallery-image\"><a href=\"https:\/\/www.cuprumfoma.it\/wp-content\/uploads\/2025\/06\/gallery-qualita-4.jpg\" rel=\"noreferrer\" data-rel=\"iLightbox[gallery_image_1]\" class=\"fusion-lightbox\" target=\"_self\"><img decoding=\"async\" src=\"https:\/\/www.cuprumfoma.it\/wp-content\/uploads\/2025\/06\/gallery-qualita-4.jpg\" width=\"600\" height=\"302\" alt=\"\" title=\"gallery-qualita-4\" aria-label=\"gallery-qualita-4\" class=\"img-responsive wp-image-356\" srcset=\"https:\/\/www.cuprumfoma.it\/wp-content\/uploads\/2025\/06\/gallery-qualita-4-300x151.jpg 300w, https:\/\/www.cuprumfoma.it\/wp-content\/uploads\/2025\/06\/gallery-qualita-4.jpg 600w\" sizes=\"(max-width: 600px) 100vw, 600px\" \/><\/a><\/div><\/div><div class=\"clearfix\"><\/div><\/div><\/div><\/div><\/div><div class=\"fusion-layout-column fusion_builder_column fusion-builder-column-1 fusion_builder_column_3_4 3_4 fusion-flex-column pagina-right\" style=\"--awb-z-index:1;--awb-bg-size:cover;--awb-width-large:75%;--awb-margin-top-large:0px;--awb-spacing-right-large:2.56%;--awb-margin-bottom-large:20px;--awb-spacing-left-large:2.56%;--awb-width-medium:66.666666666667%;--awb-order-medium:0;--awb-spacing-right-medium:2.88%;--awb-spacing-left-medium:2.88%;--awb-width-small:100%;--awb-order-small:0;--awb-spacing-right-small:1.92%;--awb-spacing-left-small:1.92%;\" data-scroll-devices=\"small-visibility,medium-visibility,large-visibility\"><div class=\"fusion-column-wrapper fusion-column-has-shadow fusion-flex-justify-content-flex-start fusion-content-layout-column\"><div class=\"fusion-title title fusion-title-1 fusion-sep-none fusion-title-text fusion-title-size-one\" style=\"--awb-margin-bottom:25px;--awb-margin-bottom-small:25px;\"><h1 class=\"fusion-title-heading title-heading-left\" style=\"margin:0;\">Qualit\u00e4t<\/h1><\/div><div class=\"fusion-text fusion-text-1\"><p>Das Unternehmen, ISO 9001:2015 zertifiziert, hat immer die Qualit\u00e4t als eine seiner St\u00e4rken betrachtet, was Produkt sowie Organisation angeht.<\/p>\n<p>Die Angestellten, die diese T\u00e4tigkeit ausf\u00fchren, k\u00f6nnen das bezeugen:<\/p>\n<ul>\n<li>Fachpersonal f\u00fcr das Qualit\u00e4tsmanagement, das in \u00dcbereinstimmung mit der Gesch\u00e4ftsleitung zur st\u00e4ndigen Verbesserung der Prozesse, deren Kontrollphasen und\/oder der Analyse derselben Daten aktiv beitr\u00e4gt und t\u00e4gliche Reports wo notwendig erstellt.<\/li>\n<li>Personal, das f\u00fcr die Produktqualit\u00e4tssicherung sorgt und w\u00e4hrend der drei Arbeitsschichten, 100% die Herstellungskontrolle mittels maschinenintegrierten Wirbelstromger\u00e4te (Eddy Current) \u00fcberwachtet, die von Fachleuten periodisch gepr\u00fcft werden.<\/li>\n<\/ul>\n<p>\u00dcbrigens verf\u00fcgt das Werk \u00fcber ein Labor mit den folgenden Ausstattungen:<\/p>\n<ul>\n<li>Test-Maschine des Kohlenstoffr\u00fcckstands (Leco)\u00a0und des Gesamtr\u00fcckstands.<\/li>\n<li>Zugmaschine<\/li>\n<li>Profilprojektor<\/li>\n<li>Optisches Mikroskop<\/li>\n<li>Stereoskop<\/li>\n<li>Stereoskop zur Kontrolle der Innenfl\u00e4che<\/li>\n<li>Mikrometer mit zentesimaler<\/li>\n<li>Ger\u00e4te f\u00fcr chemische quali Analysen qualit\u00e4ts- und mengenm\u00e4ssig<\/li>\n<li>Wage<\/li>\n<li>Ger\u00e4te zur Rohrausweiterung und Umformung<\/li>\n<li>Maschine zur Kontrolle der Kerngr\u00f6sse<\/li>\n<li>Tragbare elektrische Rohrbiegemaschinen<\/li>\n<\/ul>\n<p>Vom Produkt bis zur am besten geeigneten Verpackung wird alles im Detail untersucht.<\/p>\n<p>Eine effiziente Organisation, ein reichhaltiger und gut ausgestattetes Lager, eine Logistik die die h\u00f6chsten Kundenanforderungen ber\u00fccksichtigt, sichern schnelle, einwandfreie und effektive Lieferungen ab.<\/p>\n<p>Eine qualifizierte Beratung und p\u00fcnktliche technische Unterst\u00fctzung bieten allen Kunden die Sicherheit einer aktiven Zusammenarbeit.<\/p>\n<p>Dies erm\u00f6glicht\u00a0<span style=\"color: #9b6a10;\">CUPRUMFOMA<\/span>, ein Produkt anzubieten, das den strengsten internationalen Standards und den technischen Spezifikationen entspricht, die von Kunden durch ein hochqualitatives Service gefordert werden.<\/p>\n<p><strong><a href=\"https:\/\/www.cuprumfoma.it\/wp-content\/uploads\/2025\/07\/politica-qualita-en.pdf\" target=\"_blank\" rel=\"noopener\">Download Policy for Quality<\/a><\/strong><\/p>\n<\/div><\/div><\/div><\/div><\/div>\n","protected":false},"excerpt":{"rendered":"","protected":false},"author":1,"featured_media":0,"parent":0,"menu_order":0,"comment_status":"closed","ping_status":"closed","template":"100-width.php","meta":{"_acf_changed":false,"footnotes":""},"class_list":["post-1764","page","type-page","status-publish","hentry"],"acf":[],"yoast_head":"<!-- This site is optimized with the Yoast SEO plugin v25.6 - https:\/\/yoast.com\/wordpress\/plugins\/seo\/ -->\r\n<title>Qualit\u00e4t - CUPRUMFOMA S.p.A.<\/title>\r\n<meta name=\"robots\" content=\"index, follow, max-snippet:-1, max-image-preview:large, max-video-preview:-1\" \/>\r\n<link rel=\"canonical\" href=\"https:\/\/www.cuprumfoma.it\/de\/qualitaet\/\" \/>\r\n<meta property=\"og:locale\" content=\"de_DE\" \/>\r\n<meta property=\"og:type\" content=\"article\" \/>\r\n<meta property=\"og:title\" content=\"Qualit\u00e4t - CUPRUMFOMA S.p.A.\" \/>\r\n<meta property=\"og:url\" content=\"https:\/\/www.cuprumfoma.it\/de\/qualitaet\/\" \/>\r\n<meta property=\"og:site_name\" content=\"CUPRUMFOMA S.p.A.\" \/>\r\n<meta property=\"article:modified_time\" content=\"2025-07-18T07:10:46+00:00\" \/>\r\n<meta name=\"twitter:card\" content=\"summary_large_image\" \/>\r\n<meta name=\"twitter:label1\" content=\"Gesch\u00e4tzte Lesezeit\" \/>\n\t<meta name=\"twitter:data1\" content=\"12\u00a0Minuten\" \/>\r\n<script type=\"application\/ld+json\" class=\"yoast-schema-graph\">{\"@context\":\"https:\/\/schema.org\",\"@graph\":[{\"@type\":\"WebPage\",\"@id\":\"https:\/\/www.cuprumfoma.it\/de\/qualitaet\/\",\"url\":\"https:\/\/www.cuprumfoma.it\/de\/qualitaet\/\",\"name\":\"Qualit\u00e4t - CUPRUMFOMA S.p.A.\",\"isPartOf\":{\"@id\":\"https:\/\/www.cuprumfoma.it\/de\/#website\"},\"datePublished\":\"2025-06-20T06:35:36+00:00\",\"dateModified\":\"2025-07-18T07:10:46+00:00\",\"breadcrumb\":{\"@id\":\"https:\/\/www.cuprumfoma.it\/de\/qualitaet\/#breadcrumb\"},\"inLanguage\":\"de\",\"potentialAction\":[{\"@type\":\"ReadAction\",\"target\":[\"https:\/\/www.cuprumfoma.it\/de\/qualitaet\/\"]}]},{\"@type\":\"BreadcrumbList\",\"@id\":\"https:\/\/www.cuprumfoma.it\/de\/qualitaet\/#breadcrumb\",\"itemListElement\":[{\"@type\":\"ListItem\",\"position\":1,\"name\":\"Home\",\"item\":\"https:\/\/www.cuprumfoma.it\/de\/\"},{\"@type\":\"ListItem\",\"position\":2,\"name\":\"Qualit\u00e4t\"}]},{\"@type\":\"WebSite\",\"@id\":\"https:\/\/www.cuprumfoma.it\/de\/#website\",\"url\":\"https:\/\/www.cuprumfoma.it\/de\/\",\"name\":\"CUPRUMFOMA S.p.A.\",\"description\":\"Qualit\u00e0 e organizzazione al vostro servizio\",\"publisher\":{\"@id\":\"https:\/\/www.cuprumfoma.it\/de\/#organization\"},\"potentialAction\":[{\"@type\":\"SearchAction\",\"target\":{\"@type\":\"EntryPoint\",\"urlTemplate\":\"https:\/\/www.cuprumfoma.it\/de\/?s={search_term_string}\"},\"query-input\":{\"@type\":\"PropertyValueSpecification\",\"valueRequired\":true,\"valueName\":\"search_term_string\"}}],\"inLanguage\":\"de\"},{\"@type\":\"Organization\",\"@id\":\"https:\/\/www.cuprumfoma.it\/de\/#organization\",\"name\":\"CUPRUMFOMA S.p.A.\",\"url\":\"https:\/\/www.cuprumfoma.it\/de\/\",\"logo\":{\"@type\":\"ImageObject\",\"inLanguage\":\"de\",\"@id\":\"https:\/\/www.cuprumfoma.it\/de\/#\/schema\/logo\/image\/\",\"url\":\"https:\/\/www.cuprumfoma.it\/wp-content\/uploads\/2025\/06\/logo-cuprumfoma-rame.png\",\"contentUrl\":\"https:\/\/www.cuprumfoma.it\/wp-content\/uploads\/2025\/06\/logo-cuprumfoma-rame.png\",\"width\":239,\"height\":53,\"caption\":\"CUPRUMFOMA S.p.A.\"},\"image\":{\"@id\":\"https:\/\/www.cuprumfoma.it\/de\/#\/schema\/logo\/image\/\"}}]}<\/script>\r\n<!-- \/ Yoast SEO plugin. -->","yoast_head_json":{"title":"Qualit\u00e4t - CUPRUMFOMA S.p.A.","robots":{"index":"index","follow":"follow","max-snippet":"max-snippet:-1","max-image-preview":"max-image-preview:large","max-video-preview":"max-video-preview:-1"},"canonical":"https:\/\/www.cuprumfoma.it\/de\/qualitaet\/","og_locale":"de_DE","og_type":"article","og_title":"Qualit\u00e4t - CUPRUMFOMA S.p.A.","og_url":"https:\/\/www.cuprumfoma.it\/de\/qualitaet\/","og_site_name":"CUPRUMFOMA S.p.A.","article_modified_time":"2025-07-18T07:10:46+00:00","twitter_card":"summary_large_image","twitter_misc":{"Gesch\u00e4tzte Lesezeit":"12\u00a0Minuten"},"schema":{"@context":"https:\/\/schema.org","@graph":[{"@type":"WebPage","@id":"https:\/\/www.cuprumfoma.it\/de\/qualitaet\/","url":"https:\/\/www.cuprumfoma.it\/de\/qualitaet\/","name":"Qualit\u00e4t - CUPRUMFOMA S.p.A.","isPartOf":{"@id":"https:\/\/www.cuprumfoma.it\/de\/#website"},"datePublished":"2025-06-20T06:35:36+00:00","dateModified":"2025-07-18T07:10:46+00:00","breadcrumb":{"@id":"https:\/\/www.cuprumfoma.it\/de\/qualitaet\/#breadcrumb"},"inLanguage":"de","potentialAction":[{"@type":"ReadAction","target":["https:\/\/www.cuprumfoma.it\/de\/qualitaet\/"]}]},{"@type":"BreadcrumbList","@id":"https:\/\/www.cuprumfoma.it\/de\/qualitaet\/#breadcrumb","itemListElement":[{"@type":"ListItem","position":1,"name":"Home","item":"https:\/\/www.cuprumfoma.it\/de\/"},{"@type":"ListItem","position":2,"name":"Qualit\u00e4t"}]},{"@type":"WebSite","@id":"https:\/\/www.cuprumfoma.it\/de\/#website","url":"https:\/\/www.cuprumfoma.it\/de\/","name":"CUPRUMFOMA S.p.A.","description":"Qualit\u00e0 e organizzazione al vostro servizio","publisher":{"@id":"https:\/\/www.cuprumfoma.it\/de\/#organization"},"potentialAction":[{"@type":"SearchAction","target":{"@type":"EntryPoint","urlTemplate":"https:\/\/www.cuprumfoma.it\/de\/?s={search_term_string}"},"query-input":{"@type":"PropertyValueSpecification","valueRequired":true,"valueName":"search_term_string"}}],"inLanguage":"de"},{"@type":"Organization","@id":"https:\/\/www.cuprumfoma.it\/de\/#organization","name":"CUPRUMFOMA S.p.A.","url":"https:\/\/www.cuprumfoma.it\/de\/","logo":{"@type":"ImageObject","inLanguage":"de","@id":"https:\/\/www.cuprumfoma.it\/de\/#\/schema\/logo\/image\/","url":"https:\/\/www.cuprumfoma.it\/wp-content\/uploads\/2025\/06\/logo-cuprumfoma-rame.png","contentUrl":"https:\/\/www.cuprumfoma.it\/wp-content\/uploads\/2025\/06\/logo-cuprumfoma-rame.png","width":239,"height":53,"caption":"CUPRUMFOMA S.p.A."},"image":{"@id":"https:\/\/www.cuprumfoma.it\/de\/#\/schema\/logo\/image\/"}}]}},"_links":{"self":[{"href":"https:\/\/www.cuprumfoma.it\/de\/wp-json\/wp\/v2\/pages\/1764","targetHints":{"allow":["GET"]}}],"collection":[{"href":"https:\/\/www.cuprumfoma.it\/de\/wp-json\/wp\/v2\/pages"}],"about":[{"href":"https:\/\/www.cuprumfoma.it\/de\/wp-json\/wp\/v2\/types\/page"}],"author":[{"embeddable":true,"href":"https:\/\/www.cuprumfoma.it\/de\/wp-json\/wp\/v2\/users\/1"}],"replies":[{"embeddable":true,"href":"https:\/\/www.cuprumfoma.it\/de\/wp-json\/wp\/v2\/comments?post=1764"}],"version-history":[{"count":2,"href":"https:\/\/www.cuprumfoma.it\/de\/wp-json\/wp\/v2\/pages\/1764\/revisions"}],"predecessor-version":[{"id":1766,"href":"https:\/\/www.cuprumfoma.it\/de\/wp-json\/wp\/v2\/pages\/1764\/revisions\/1766"}],"wp:attachment":[{"href":"https:\/\/www.cuprumfoma.it\/de\/wp-json\/wp\/v2\/media?parent=1764"}],"curies":[{"name":"wp","href":"https:\/\/api.w.org\/{rel}","templated":true}]}}