{"id":2829,"date":"2025-07-31T08:32:51","date_gmt":"2025-07-31T06:32:51","guid":{"rendered":"https:\/\/www.cuprumfoma.it\/informativa-privacy-agli-utenti\/"},"modified":"2025-07-31T08:32:51","modified_gmt":"2025-07-31T06:32:51","slug":"informativa-privacy-agli-utenti","status":"publish","type":"page","link":"https:\/\/www.cuprumfoma.it\/de\/informativa-privacy-agli-utenti\/","title":{"rendered":"Informativa privacy agli utenti"},"content":{"rendered":"<div class=\"fusion-fullwidth fullwidth-box fusion-builder-row-1 fusion-flex-container nonhundred-percent-fullwidth non-hundred-percent-height-scrolling\" style=\"--awb-border-radius-top-left:0px;--awb-border-radius-top-right:0px;--awb-border-radius-bottom-right:0px;--awb-border-radius-bottom-left:0px;--awb-flex-wrap:wrap;\" ><div class=\"fusion-builder-row fusion-row fusion-flex-align-items-flex-start fusion-flex-content-wrap\" style=\"max-width:1476.8px;margin-left: calc(-4% \/ 2 );margin-right: calc(-4% \/ 2 );\"><div class=\"fusion-layout-column fusion_builder_column fusion-builder-column-0 fusion_builder_column_1_1 1_1 fusion-flex-column\" style=\"--awb-bg-size:cover;--awb-width-large:100%;--awb-margin-top-large:0px;--awb-spacing-right-large:1.92%;--awb-margin-bottom-large:0px;--awb-spacing-left-large:1.92%;--awb-width-medium:100%;--awb-spacing-right-medium:1.92%;--awb-spacing-left-medium:1.92%;--awb-width-small:100%;--awb-spacing-right-small:1.92%;--awb-spacing-left-small:1.92%;\"><div class=\"fusion-column-wrapper fusion-flex-justify-content-flex-start fusion-content-layout-column\"><div class=\"fusion-title title fusion-title-1 fusion-sep-none fusion-title-text fusion-title-size-one\"><h1 class=\"fusion-title-heading title-heading-left\" style=\"margin:0;\">Informativa privacy agli utenti<\/h1><\/div><div class=\"fusion-text fusion-text-1\"><p>CUPRUMFOMA SPA con sede legale a Pralboino (BS) &#8211; Italia, Via Kennedy n. 20, in persona del legale rappresentante pro-tempore, in qualit\u00e0 di Titolare del Trattamento (nel seguito \u201cIl Titolare\u201d), proprietario del sito internet https:\/\/www.cuprumfoma.it (di seguito, il \u201c<strong>Sito<\/strong>\u201d), in qualit\u00e0 di\u00a0<strong>titolare del trattamento <\/strong><strong>dei dati personali<\/strong>\u00a0degli utenti che navigano e che sono iscritti al Sito (di seguito, gli \u201c<strong>Utenti<\/strong>\u201d) fornisce qui di seguito l\u2019informativa privacy ai sensi dell\u2019art. 13 del Regolamento UE 2016\/679 del 27 aprile 2016 (di seguito,\u00a0<b>\u201cRegolamento\u201d<\/b>\u00a0o\u00a0<b>\u201cNormativa Applicabile\u201d<\/b>).<\/p>\n<p>Questo Sito e i servizi eventualmente offerti tramite il Sito sono riservati a soggetti che hanno compiuto il diciottesimo anno di et\u00e0. Il Titolare non raccoglie quindi dati personali relativi ai soggetti minori di anni 18. Su richiesta degli Utenti, il Titolare canceller\u00e0 tempestivamente tutti i dati personali involontariamente raccolti e relativi a soggetti minori di anni 18.<\/p>\n<p>Il Titolare tiene nella massima considerazione il diritto alla privacy ed alla protezione dei dati personali dei propri Utenti. Per ogni informazione in relazione alla presente informativa privacy, gli Utenti possono\u00a0<strong>contattare il Titolare\u00a0<\/strong>in qualsiasi momento, utilizzando le seguenti modalit\u00e0:<\/p>\n<ul>\n<li>Inviando una raccomandata a\/r alla sede legale del Titolare<\/li>\n<li>Inviando un messaggio di posta elettronica all\u2019indirizzo privacy@cuprumfoma.it;<\/li>\n<\/ul>\n<h3><strong>1. Finalit\u00e0 del trattamento<\/strong><\/h3>\n<p>I dati personali degli Utenti saranno trattati lecitamente dal Titolare ai sensi dell\u2019art. 6 del Regolamento per le seguenti finalit\u00e0 di trattamento:<\/p>\n<ol class=\"lettere\">\n<li><strong><u>navigazione del sito,\u00a0<\/u><\/strong>in relazione alla possibilit\u00e0 di rilevare dati dell\u2019Utente necessari a livello tecnico, quali ad es. l\u2019indirizzo IP, durante la navigazione del sito;<\/li>\n<li><strong><u>rispondere alle richieste di informazioni degli utenti del sito<\/u><\/strong>;<\/li>\n<li><strong><u>obblighi di legge<\/u><\/strong>, ovvero per adempiere ad obblighi previsti dalla legge, da un\u2019autorit\u00e0, da un regolamento o dalla normativa europea;<\/li>\n<li>per l\u2019espletamento delle attivit\u00e0 necessarie e\/o connesse alla gestione delle candidature inoltrate dai candidati tramite il Sito. Per consultare l\u2019informativa relativa a questa specifica finalit\u00e0,\u00a0<a href=\"https:\/\/hr.foma.it\/HCMCV\/cfprivacy.asp?Azienda=06\" target=\"_blank\" rel=\"noopener\">cliccare qui<\/a>.<\/li>\n<\/ol>\n<p>Il conferimento dei dati personali per le finalit\u00e0 di trattamento sopra indicate \u00e8 facoltativo ma necessario, poich\u00e9 il mancato conferimento degli stessi comporter\u00e0 l\u2019impossibilit\u00e0 per l\u2019Utente di navigare sul sito, iscriversi al Sito e usufruire dei servizi offerti dal Titolare sul Sito.<\/p>\n<h3><strong>2. Modalit\u00e0 di trattamento e tempi di conservazione dei dati<\/strong><\/h3>\n<p>Il Titolare tratter\u00e0 i dati personali degli Utenti mediante strumenti manuali ed informatici, con logiche strettamente correlate alle finalit\u00e0 stesse e, comunque, in modo da garantire la sicurezza e la riservatezza dei dati stessi.<\/p>\n<p>I dati personali degli Utenti del Sito saranno conservati per i tempi strettamente necessari ad espletare le finalit\u00e0 primarie illustrate al precedente paragrafo 1, o comunque secondo quanto necessario per la tutela in sede civilistica degli interessi sia degli Utenti che del Titolare.\u00a0 I dati contenuti nei curricula che vengono inoltrati attraverso il sito saranno oggetto di trattamento secondo quanto dichiarato nell\u2019informativa specifica, e comunque per un periodo non superiore a 36 mesi.<\/p>\n<h3><strong>3. Base giuridica del trattamento<\/strong><\/h3>\n<p>Con riferimento alle finalit\u00e0 di cui ai punti (1\/a e 1\/b), la base giuridica del trattamento \u00e8 infatti l\u2019esecuzione dei servizi forniti attraverso il Sito e da Lei richiesti (ai sensi dell\u2019articolo 6, comma 1, lett. b del Regolamento Privacy 2016\/679); con riferimento alle finalit\u00e0 di cui ai punti (1\/c) del precedente paragrafo, la base giuridica del trattamento \u00e8 di adempiere un obbligo legale al quale \u00e8 soggetto il titolare del trattamento (ai sensi dell\u2019articolo 6, comma 1, lett. c del Regolamento Privacy 2016\/679).<\/p>\n<h3><strong>4. Ambito di comunicazione e diffusione dei dati<\/strong><\/h3>\n<p>Potranno venire a conoscenza dei dati personali degli Utenti i dipendenti e\/o collaboratori del Titolare incaricati di gestire il Sito. Tali soggetti, che sono formalmente nominati dal Titolare quali \u201cincaricati del trattamento\u201d, tratteranno i dati dell\u2019Utente esclusivamente per le finalit\u00e0 indicate nella presente informativa e nel rispetto delle previsioni della Normativa Applicabile.<\/p>\n<p>Potranno inoltre venire a conoscenza dei dati personali degli Utenti i soggetti terzi che potranno trattare dati personali per conto del Titolare in qualit\u00e0 di \u201c<strong>Responsabili Esterni del Trattamento<\/strong>\u201d, quali, a titolo esemplificativo, fornitori di servizi informatici e logistici funzionali all\u2019operativit\u00e0 del Sito, fornitori di servizi in\u00a0<em>outsourcing<\/em>\u00a0o\u00a0<em>cloud computing<\/em>, professionisti e consulenti.<\/p>\n<p>Gli Utenti hanno il diritto di ottenere una lista degli eventuali responsabili del trattamento nominati dal Titolare, facendone richiesta al Titolare con le modalit\u00e0 indicate al successivo paragrafo 5.<\/p>\n<h3><strong>5. Diritti degli Interessati<\/strong><\/h3>\n<p>Gli utenti potranno esercitare i diritti garantiti loro dalla Normativa Applicabile, ai sensi degli artt. 15 e seguenti nelle modalit\u00e0 previste dall\u2019 art. 12 della normativa stessa inviando una mail all\u2019 indirizzo privacy@cuprumfoma.it.<\/p>\n<p>Qualora ritenessero che il trattamento che li riguarda violi il Regolamento, il diritto di\u00a0<b>proporre reclamo a un\u2019Autorit\u00e0 di controllo\/<\/b>\u00a0(nello Stato membro in cui risiedono abitualmente, in quello in cui lavorano oppure in quello in cui si \u00e8 verificata la presunta violazione). L\u2019Autorit\u00e0 di controllo italiana \u00e8 il\u00a0<b>Garante per la protezione dei dati personali<\/b>, con sede in Piazza Venezia n. 11, 00186 \u2013 Roma (<a href=\"https:\/\/www.garanteprivacy.it\/\" target=\"_blank\" rel=\"noopener\">https:\/\/www.garanteprivacy.it\/<\/a>)<\/p>\n<\/div><\/div><\/div><\/div><\/div>\n","protected":false},"excerpt":{"rendered":"","protected":false},"author":1,"featured_media":0,"parent":0,"menu_order":0,"comment_status":"closed","ping_status":"closed","template":"","meta":{"_acf_changed":false,"footnotes":""},"class_list":["post-2829","page","type-page","status-publish","hentry"],"acf":[],"yoast_head":"<!-- This site is optimized with the Yoast SEO plugin v25.6 - https:\/\/yoast.com\/wordpress\/plugins\/seo\/ -->\r\n<title>Informativa privacy agli utenti - CUPRUMFOMA S.p.A.<\/title>\r\n<meta name=\"robots\" content=\"index, follow, max-snippet:-1, max-image-preview:large, max-video-preview:-1\" \/>\r\n<link rel=\"canonical\" href=\"https:\/\/www.cuprumfoma.it\/de\/informativa-privacy-agli-utenti\/\" \/>\r\n<meta property=\"og:locale\" content=\"de_DE\" \/>\r\n<meta property=\"og:type\" content=\"article\" \/>\r\n<meta property=\"og:title\" content=\"Informativa privacy agli utenti - CUPRUMFOMA S.p.A.\" \/>\r\n<meta property=\"og:url\" content=\"https:\/\/www.cuprumfoma.it\/de\/informativa-privacy-agli-utenti\/\" \/>\r\n<meta property=\"og:site_name\" content=\"CUPRUMFOMA S.p.A.\" \/>\r\n<meta name=\"twitter:card\" content=\"summary_large_image\" \/>\r\n<meta name=\"twitter:label1\" content=\"Gesch\u00e4tzte Lesezeit\" \/>\n\t<meta name=\"twitter:data1\" content=\"7\u00a0Minuten\" \/>\r\n<script type=\"application\/ld+json\" class=\"yoast-schema-graph\">{\"@context\":\"https:\/\/schema.org\",\"@graph\":[{\"@type\":\"WebPage\",\"@id\":\"https:\/\/www.cuprumfoma.it\/de\/informativa-privacy-agli-utenti\/\",\"url\":\"https:\/\/www.cuprumfoma.it\/de\/informativa-privacy-agli-utenti\/\",\"name\":\"Informativa privacy agli utenti - CUPRUMFOMA S.p.A.\",\"isPartOf\":{\"@id\":\"https:\/\/www.cuprumfoma.it\/de\/#website\"},\"datePublished\":\"2025-07-31T06:32:51+00:00\",\"breadcrumb\":{\"@id\":\"https:\/\/www.cuprumfoma.it\/de\/informativa-privacy-agli-utenti\/#breadcrumb\"},\"inLanguage\":\"de\",\"potentialAction\":[{\"@type\":\"ReadAction\",\"target\":[\"https:\/\/www.cuprumfoma.it\/de\/informativa-privacy-agli-utenti\/\"]}]},{\"@type\":\"BreadcrumbList\",\"@id\":\"https:\/\/www.cuprumfoma.it\/de\/informativa-privacy-agli-utenti\/#breadcrumb\",\"itemListElement\":[{\"@type\":\"ListItem\",\"position\":1,\"name\":\"Home\",\"item\":\"https:\/\/www.cuprumfoma.it\/de\/\"},{\"@type\":\"ListItem\",\"position\":2,\"name\":\"Informativa privacy agli utenti\"}]},{\"@type\":\"WebSite\",\"@id\":\"https:\/\/www.cuprumfoma.it\/de\/#website\",\"url\":\"https:\/\/www.cuprumfoma.it\/de\/\",\"name\":\"CUPRUMFOMA S.p.A.\",\"description\":\"Qualit\u00e0 e organizzazione al vostro servizio\",\"publisher\":{\"@id\":\"https:\/\/www.cuprumfoma.it\/de\/#organization\"},\"potentialAction\":[{\"@type\":\"SearchAction\",\"target\":{\"@type\":\"EntryPoint\",\"urlTemplate\":\"https:\/\/www.cuprumfoma.it\/de\/?s={search_term_string}\"},\"query-input\":{\"@type\":\"PropertyValueSpecification\",\"valueRequired\":true,\"valueName\":\"search_term_string\"}}],\"inLanguage\":\"de\"},{\"@type\":\"Organization\",\"@id\":\"https:\/\/www.cuprumfoma.it\/de\/#organization\",\"name\":\"CUPRUMFOMA S.p.A.\",\"url\":\"https:\/\/www.cuprumfoma.it\/de\/\",\"logo\":{\"@type\":\"ImageObject\",\"inLanguage\":\"de\",\"@id\":\"https:\/\/www.cuprumfoma.it\/de\/#\/schema\/logo\/image\/\",\"url\":\"https:\/\/www.cuprumfoma.it\/wp-content\/uploads\/2025\/06\/logo-cuprumfoma-rame.png\",\"contentUrl\":\"https:\/\/www.cuprumfoma.it\/wp-content\/uploads\/2025\/06\/logo-cuprumfoma-rame.png\",\"width\":239,\"height\":53,\"caption\":\"CUPRUMFOMA S.p.A.\"},\"image\":{\"@id\":\"https:\/\/www.cuprumfoma.it\/de\/#\/schema\/logo\/image\/\"}}]}<\/script>\r\n<!-- \/ Yoast SEO plugin. -->","yoast_head_json":{"title":"Informativa privacy agli utenti - CUPRUMFOMA S.p.A.","robots":{"index":"index","follow":"follow","max-snippet":"max-snippet:-1","max-image-preview":"max-image-preview:large","max-video-preview":"max-video-preview:-1"},"canonical":"https:\/\/www.cuprumfoma.it\/de\/informativa-privacy-agli-utenti\/","og_locale":"de_DE","og_type":"article","og_title":"Informativa privacy agli utenti - CUPRUMFOMA S.p.A.","og_url":"https:\/\/www.cuprumfoma.it\/de\/informativa-privacy-agli-utenti\/","og_site_name":"CUPRUMFOMA S.p.A.","twitter_card":"summary_large_image","twitter_misc":{"Gesch\u00e4tzte Lesezeit":"7\u00a0Minuten"},"schema":{"@context":"https:\/\/schema.org","@graph":[{"@type":"WebPage","@id":"https:\/\/www.cuprumfoma.it\/de\/informativa-privacy-agli-utenti\/","url":"https:\/\/www.cuprumfoma.it\/de\/informativa-privacy-agli-utenti\/","name":"Informativa privacy agli utenti - CUPRUMFOMA S.p.A.","isPartOf":{"@id":"https:\/\/www.cuprumfoma.it\/de\/#website"},"datePublished":"2025-07-31T06:32:51+00:00","breadcrumb":{"@id":"https:\/\/www.cuprumfoma.it\/de\/informativa-privacy-agli-utenti\/#breadcrumb"},"inLanguage":"de","potentialAction":[{"@type":"ReadAction","target":["https:\/\/www.cuprumfoma.it\/de\/informativa-privacy-agli-utenti\/"]}]},{"@type":"BreadcrumbList","@id":"https:\/\/www.cuprumfoma.it\/de\/informativa-privacy-agli-utenti\/#breadcrumb","itemListElement":[{"@type":"ListItem","position":1,"name":"Home","item":"https:\/\/www.cuprumfoma.it\/de\/"},{"@type":"ListItem","position":2,"name":"Informativa privacy agli utenti"}]},{"@type":"WebSite","@id":"https:\/\/www.cuprumfoma.it\/de\/#website","url":"https:\/\/www.cuprumfoma.it\/de\/","name":"CUPRUMFOMA S.p.A.","description":"Qualit\u00e0 e organizzazione al vostro servizio","publisher":{"@id":"https:\/\/www.cuprumfoma.it\/de\/#organization"},"potentialAction":[{"@type":"SearchAction","target":{"@type":"EntryPoint","urlTemplate":"https:\/\/www.cuprumfoma.it\/de\/?s={search_term_string}"},"query-input":{"@type":"PropertyValueSpecification","valueRequired":true,"valueName":"search_term_string"}}],"inLanguage":"de"},{"@type":"Organization","@id":"https:\/\/www.cuprumfoma.it\/de\/#organization","name":"CUPRUMFOMA S.p.A.","url":"https:\/\/www.cuprumfoma.it\/de\/","logo":{"@type":"ImageObject","inLanguage":"de","@id":"https:\/\/www.cuprumfoma.it\/de\/#\/schema\/logo\/image\/","url":"https:\/\/www.cuprumfoma.it\/wp-content\/uploads\/2025\/06\/logo-cuprumfoma-rame.png","contentUrl":"https:\/\/www.cuprumfoma.it\/wp-content\/uploads\/2025\/06\/logo-cuprumfoma-rame.png","width":239,"height":53,"caption":"CUPRUMFOMA S.p.A."},"image":{"@id":"https:\/\/www.cuprumfoma.it\/de\/#\/schema\/logo\/image\/"}}]}},"_links":{"self":[{"href":"https:\/\/www.cuprumfoma.it\/de\/wp-json\/wp\/v2\/pages\/2829","targetHints":{"allow":["GET"]}}],"collection":[{"href":"https:\/\/www.cuprumfoma.it\/de\/wp-json\/wp\/v2\/pages"}],"about":[{"href":"https:\/\/www.cuprumfoma.it\/de\/wp-json\/wp\/v2\/types\/page"}],"author":[{"embeddable":true,"href":"https:\/\/www.cuprumfoma.it\/de\/wp-json\/wp\/v2\/users\/1"}],"replies":[{"embeddable":true,"href":"https:\/\/www.cuprumfoma.it\/de\/wp-json\/wp\/v2\/comments?post=2829"}],"version-history":[{"count":0,"href":"https:\/\/www.cuprumfoma.it\/de\/wp-json\/wp\/v2\/pages\/2829\/revisions"}],"wp:attachment":[{"href":"https:\/\/www.cuprumfoma.it\/de\/wp-json\/wp\/v2\/media?parent=2829"}],"curies":[{"name":"wp","href":"https:\/\/api.w.org\/{rel}","templated":true}]}}