{"id":2815,"date":"2025-07-30T18:00:00","date_gmt":"2025-07-30T16:00:00","guid":{"rendered":"https:\/\/www.cuprumfoma.it\/informativa-ai-clienti-e-fornitori\/"},"modified":"2025-07-30T18:00:00","modified_gmt":"2025-07-30T16:00:00","slug":"informativa-ai-clienti-e-fornitori","status":"publish","type":"page","link":"https:\/\/www.cuprumfoma.it\/en\/informativa-ai-clienti-e-fornitori\/","title":{"rendered":"Informativa ai clienti e fornitori"},"content":{"rendered":"<div class=\"fusion-fullwidth fullwidth-box fusion-builder-row-1 fusion-flex-container nonhundred-percent-fullwidth non-hundred-percent-height-scrolling\" style=\"--awb-border-radius-top-left:0px;--awb-border-radius-top-right:0px;--awb-border-radius-bottom-right:0px;--awb-border-radius-bottom-left:0px;--awb-flex-wrap:wrap;\" ><div class=\"fusion-builder-row fusion-row fusion-flex-align-items-flex-start fusion-flex-content-wrap\" style=\"max-width:1476.8px;margin-left: calc(-4% \/ 2 );margin-right: calc(-4% \/ 2 );\"><div class=\"fusion-layout-column fusion_builder_column fusion-builder-column-0 fusion_builder_column_1_1 1_1 fusion-flex-column\" style=\"--awb-bg-size:cover;--awb-width-large:100%;--awb-margin-top-large:0px;--awb-spacing-right-large:1.92%;--awb-margin-bottom-large:0px;--awb-spacing-left-large:1.92%;--awb-width-medium:100%;--awb-spacing-right-medium:1.92%;--awb-spacing-left-medium:1.92%;--awb-width-small:100%;--awb-spacing-right-small:1.92%;--awb-spacing-left-small:1.92%;\"><div class=\"fusion-column-wrapper fusion-flex-justify-content-flex-start fusion-content-layout-column\"><div class=\"fusion-title title fusion-title-1 fusion-sep-none fusion-title-text fusion-title-size-one\"><h1 class=\"fusion-title-heading title-heading-left\" style=\"margin:0;\">Informativa ai clienti e fornitori<\/h1><\/div><div class=\"fusion-title title fusion-title-2 fusion-sep-none fusion-title-center fusion-title-text fusion-title-size-div\"><div class=\"fusion-title-heading title-heading-center title-heading-tag\" style=\"margin:0;\"><strong>I trattamenti di dati relativi a persone giuridiche non rientrano nell\u2019ambito di applicazione della disciplina di tutela dei dati personali apprestata dal Regolamento. A fini di chiarezza e trasparenza nei confronti dei propri Clienti e Fornitori, CUPRUMFOMA S.p.A. rende la presente informativa anche ai soggetti persone giuridiche, descrivendo le modalit\u00e0 e le finalit\u00e0 di tutti trattamenti che la Societ\u00e0 svolge o ha facolt\u00e0 di svolgere sui dati personali. L\u2019informativa riguarda nello specifico i dati delle persone fisiche che lavorano presso i nostri clienti e fornitori.<\/strong><\/div><\/div><div class=\"fusion-text fusion-text-1\"><h3><strong>Premessa<\/strong><\/h3>\n<p>Ai sensi dell\u2019art. 13 del Regolamento UE 2016\/679, CUPRUMFOMA S.p.A. (di seguito \u201cla Societ\u00e0\u201d), con sede legale in Pralboino (BS) via John Kennedy 20, 25020, P. Iva 04107300982, Tel. 030 6871169, contattabile per l\u2019esercizio dei diritti consentiti dalla normativa vigente all\u2019indirizzo della sede o mediante email privacy@cuprumfoma.it, Titolare del Trattamento dei dati personali gi\u00e0 comunicati o che verranno in futuro comunicati e presso la quale i dati personali sono o saranno raccolti, desidera informarVi che i dati che Vi riguardano potranno formare oggetto di trattamento, nel rispetto della normativa qui sopra richiamata, da parte della Societ\u00e0 in relazione ai rapporti contrattuali intercorsi con Voi o a quelli che potranno essere intrattenuti in futuro.<\/p>\n<h3><strong>1. Fonte dei dati personali<\/strong><\/h3>\n<p>I dati personali, acquisiti o che verranno acquisiti in relazione ai rapporti contrattuali o in fase precontrattuale, sono raccolti direttamente presso l\u2019interessato. Tutti i dati personali raccolti sono trattati nel rispetto della normativa vigente e, comunque, con la dovuta riservatezza.<\/p>\n<h3><strong>2. Natura della raccolta<\/strong><\/h3>\n<p>Per la stipulazione ed esecuzione del rapporto contrattuale la raccolta dei dati personali ha anche natura obbligatoria dovendosi dare corso agli adempimenti di legge e fiscali; il rifiuto di fornire tali dati personali comporter\u00e0 l\u2019impossibilit\u00e0 di instaurare rapporti con la Societ\u00e0. Il relativo trattamento non richiede il consenso dell\u2019interessato.<\/p>\n<h3><strong>3. Finalit\u00e0 del trattamento e base giuridica del trattamento<\/strong><\/h3>\n<p>La raccolta ovvero il trattamento dei dati personali ha l\u2019esclusiva finalit\u00e0 di provvedere in modo adeguato agli adempimenti connessi all\u2019espletamento dell\u2019attivit\u00e0 economica della Societ\u00e0 ed in particolare per:<\/p>\n<ol class=\"lettere\">\n<li>l\u2019esecuzione di attivit\u00e0 pre-contrattuali e l\u2019acquisizione di informazioni preliminari ai fini della stipula del contratto;<\/li>\n<li>la gestione del rapporto contrattuale e di tutte le attivit\u00e0 di tipo amministrativo, operativo, gestionale e contabile relative al contratto (gestione ordini, fatturazione, controlli sull\u2019affidabilit\u00e0 di clienti e fornitori, assistenza e supporto post-vendita);<\/li>\n<li>la gestione del contenzioso, inadempimenti contrattuali, diffide, transazioni, arbitrati, controversie giudiziarie;<\/li>\n<li>l\u2019adempimento degli obblighi previsti da leggi, regolamenti, normative comunitarie e disposizioni impartite da autorit\u00e0.<\/li>\n<\/ol>\n<h3><strong>4. Natura del conferimento e conseguenze dell\u2019eventuale rifiuto<\/strong><\/h3>\n<p>\u00c8 obbligatorio il conferimento di dati personali alla Societ\u00e0 per i soli dati personali per i quali \u00e8 previsto un obbligo normativo o contrattuale in tal senso, ovvero per i dati personali necessari ad acquisire informazioni precontrattuali attivate su richiesta dell&#8217;interessato. In ipotesi di eventuale rifiuto di conferire tali dati personali &#8220;obbligatori&#8221;, il contratto potrebbe non essere compiutamente esercitato. L&#8217;eventuale rifiuto di fornire dati personali per i quali non sia previsto un obbligo di conferimento, ma strettamente funzionali all&#8217;esecuzione dei rapporti contrattuali, non comporter\u00e0 in linea di principio alcuna conseguenza in relazione ai rapporti in corso, salva l&#8217;eventuale impossibilit\u00e0 di dare seguito alle operazioni connesse a tali dati personali o l&#8217;impossibilit\u00e0 di instaurare nuovi rapporti. L&#8217;eventuale rifiuto di conferire dati personali riferiti allo svolgimento di ulteriori attivit\u00e0, non strettamente funzionali all&#8217;esecuzione dei rapporti contrattuali, potr\u00e0 solo impedire la conduzione di tali ulteriori attivit\u00e0 senza altre conseguenze.<\/p>\n<h3><strong>5. Modalit\u00e0 di trattamento<\/strong><\/h3>\n<p>Il trattamento dei dati personali sar\u00e0 effettuato in modo lecito e secondo correttezza e comunque in conformit\u00e0 alla normativa sopra richiamata, mediante strumenti idonei a garantirne la sicurezza e la riservatezza e potr\u00e0 essere effettuato anche attraverso strumenti informatici atti a memorizzare, gestire e trasmettere i dati stessi.<\/p>\n<p>Il trattamento sar\u00e0 effettuato, in via principale, dall\u2019organizzazione interna dell\u2019azienda sotto la direzione e il controllo delle funzioni aziendali preposte e per finalit\u00e0 indicate in precedenza, anche da Societ\u00e0 del gruppo o da terzi, come individuati al punto 8 che segue.<\/p>\n<p>La conservazione dei dati personali avverr\u00e0 in una forma che consenta l\u2019identificazione dell\u2019interessato per un periodo di tempo non superiore a quello necessario agli scopi per i quali essi sono raccolti e trattati.<\/p>\n<h3><strong>6. Durata del trattamento<\/strong><\/h3>\n<p>I dati personali oggetto del trattamento verranno conservati per il tempo strettamente necessario con riguardo al rapporto contrattuale, nonch\u00e9, successivamente, per l\u2019espletamento di tutti gli obblighi legali connessi o derivanti dal contratto da Voi stipulato con la Societ\u00e0.<\/p>\n<h3><strong>7. Destinatari dei dati personali<\/strong><\/h3>\n<p>Ferme restando le comunicazioni effettuate in adempimento di un obbligo di Legge, di regolamento o di normativa comunitaria e quelle intra-gruppo, la comunicazione, anche mediante la semplice consultazione o messa a disposizione dei dati personali che Vi riguardano pu\u00f2 intervenire nei confronti dei seguenti soggetti:<\/p>\n<ol class=\"lettere\">\n<li>enti, organi di vigilanza, autorit\u00e0 o istituzioni pubbliche;<\/li>\n<li>Societ\u00e0 appartenenti al Gruppo Emmefin S.p.A., controllate o collegate alla nostra Societ\u00e0, situate in Italia o all&#8217;estero;<\/li>\n<li>persone fisiche o giuridiche che forniscono specifici servizi: elaborazione dati, servizi logistici e postali, sondaggi del grado di soddisfazione dei Clienti, consulenza legale, amministrativa, tributaria e\/o contabile, organizzazione di fiere ed eventi di comunicazione;<\/li>\n<li>intermediari commerciali, banche ed istituti di credito, Societ\u00e0 di intermediazione finanziaria, persone fisiche o giuridiche preposte al recupero del credito, revisione e\/o certificazione di bilanci e dei sistemi di qualit\u00e0, collaboratori autonomi della Societ\u00e0, agenti e segnalatori, assicuratori e broker;<\/li>\n<\/ol>\n<p>I soggetti di cui al punto a), d) operano in qualit\u00e0 di autonomi Titolari del Trattamento.<\/p>\n<p>Vi rassicuriamo che, in ogni caso, ai soggetti citati si trasferiscono esclusivamente, se non dati personali aggregati ed in forma anonima, i dati personali necessari e pertinenti rispetto alle finalit\u00e0 del trattamento cui sono preposti.<\/p>\n<p>L&#8217;elenco di tali soggetti terzi sar\u00e0 costantemente aggiornato e a Voi accessibile previa richiesta alla Societ\u00e0. In virt\u00f9 dell&#8217;esistenza di collegamenti con gli stessi con mezzi telematici, informatici o di corrispondenza, i dati personali potranno essere resi disponibili all&#8217;estero, eventualmente anche al di fuori dei Paesi appartenenti alla U.E in considerazione dell\u2019esistenza della relativa autorizzazione, ovvero in base a clausole contrattuali standard. I dati personali non saranno in ogni caso diffusi.<\/p>\n<h3><strong>8. Diritti dell\u2019interessato<\/strong><\/h3>\n<p>Resta fermo il Vostro diritto di esercitare i diritti di accesso ai riferimenti indicati nella premessa ai dati personali previsti dall\u2019art. 15 del regolamento UE 2016\/679 e i diritti previsti dagli artt. 16, 17, 18, 21 del Regolamento UE 2016\/679 riguardo alla rettifica, alla cancellazione, alla limitazione al trattamento e al diritto di opposizione, nelle modalit\u00e0 stabilite dall\u2019art. 12 del Regolamento UE 2016\/679.Qualora la Nostra Societ\u00e0 non Vi fornisca riscontro nei tempi previsti dalla normativa o la risposta all\u2019esercizio dei Vostri diritti non Vi risulti idonea, potrete proporre reclamo al Garante per la protezione dei dati personali.<\/p>\n<p>Di seguito le coordinate: Garante per la protezione dei dati personali, www.gpdp.it \u2013 www.garanteprivacy.it \u2013 garante@gpdp.it \u2013 Fax: (+39) 06.69677.3785 \u2013 Centralino telefonico: (+39) 06.69677.1<\/p>\n<\/div><\/div><\/div><\/div><\/div>\n","protected":false},"excerpt":{"rendered":"","protected":false},"author":1,"featured_media":0,"parent":0,"menu_order":0,"comment_status":"closed","ping_status":"open","template":"","meta":{"_acf_changed":false,"footnotes":""},"class_list":["post-2815","page","type-page","status-publish","hentry"],"acf":[],"yoast_head":"<!-- This site is optimized with the Yoast SEO plugin v25.6 - https:\/\/yoast.com\/wordpress\/plugins\/seo\/ -->\r\n<title>Informativa ai clienti e fornitori - CUPRUMFOMA S.p.A.<\/title>\r\n<meta name=\"robots\" content=\"index, follow, max-snippet:-1, max-image-preview:large, max-video-preview:-1\" \/>\r\n<link rel=\"canonical\" href=\"https:\/\/www.cuprumfoma.it\/en\/informativa-ai-clienti-e-fornitori\/\" \/>\r\n<meta property=\"og:locale\" content=\"en_US\" \/>\r\n<meta property=\"og:type\" content=\"article\" \/>\r\n<meta property=\"og:title\" content=\"Informativa ai clienti e fornitori - CUPRUMFOMA S.p.A.\" \/>\r\n<meta property=\"og:url\" content=\"https:\/\/www.cuprumfoma.it\/en\/informativa-ai-clienti-e-fornitori\/\" \/>\r\n<meta property=\"og:site_name\" content=\"CUPRUMFOMA S.p.A.\" \/>\r\n<meta name=\"twitter:card\" content=\"summary_large_image\" \/>\r\n<meta name=\"twitter:label1\" content=\"Est. reading time\" \/>\n\t<meta name=\"twitter:data1\" content=\"10 minutes\" \/>\r\n<script type=\"application\/ld+json\" class=\"yoast-schema-graph\">{\"@context\":\"https:\/\/schema.org\",\"@graph\":[{\"@type\":\"WebPage\",\"@id\":\"https:\/\/www.cuprumfoma.it\/en\/informativa-ai-clienti-e-fornitori\/\",\"url\":\"https:\/\/www.cuprumfoma.it\/en\/informativa-ai-clienti-e-fornitori\/\",\"name\":\"Informativa ai clienti e fornitori - CUPRUMFOMA S.p.A.\",\"isPartOf\":{\"@id\":\"https:\/\/www.cuprumfoma.it\/en\/#website\"},\"datePublished\":\"2025-07-30T16:00:00+00:00\",\"breadcrumb\":{\"@id\":\"https:\/\/www.cuprumfoma.it\/en\/informativa-ai-clienti-e-fornitori\/#breadcrumb\"},\"inLanguage\":\"en-US\",\"potentialAction\":[{\"@type\":\"ReadAction\",\"target\":[\"https:\/\/www.cuprumfoma.it\/en\/informativa-ai-clienti-e-fornitori\/\"]}]},{\"@type\":\"BreadcrumbList\",\"@id\":\"https:\/\/www.cuprumfoma.it\/en\/informativa-ai-clienti-e-fornitori\/#breadcrumb\",\"itemListElement\":[{\"@type\":\"ListItem\",\"position\":1,\"name\":\"Home\",\"item\":\"https:\/\/www.cuprumfoma.it\/en\/\"},{\"@type\":\"ListItem\",\"position\":2,\"name\":\"Informativa ai clienti e fornitori\"}]},{\"@type\":\"WebSite\",\"@id\":\"https:\/\/www.cuprumfoma.it\/en\/#website\",\"url\":\"https:\/\/www.cuprumfoma.it\/en\/\",\"name\":\"CUPRUMFOMA S.p.A.\",\"description\":\"Qualit\u00e0 e organizzazione al vostro servizio\",\"publisher\":{\"@id\":\"https:\/\/www.cuprumfoma.it\/en\/#organization\"},\"potentialAction\":[{\"@type\":\"SearchAction\",\"target\":{\"@type\":\"EntryPoint\",\"urlTemplate\":\"https:\/\/www.cuprumfoma.it\/en\/?s={search_term_string}\"},\"query-input\":{\"@type\":\"PropertyValueSpecification\",\"valueRequired\":true,\"valueName\":\"search_term_string\"}}],\"inLanguage\":\"en-US\"},{\"@type\":\"Organization\",\"@id\":\"https:\/\/www.cuprumfoma.it\/en\/#organization\",\"name\":\"CUPRUMFOMA S.p.A.\",\"url\":\"https:\/\/www.cuprumfoma.it\/en\/\",\"logo\":{\"@type\":\"ImageObject\",\"inLanguage\":\"en-US\",\"@id\":\"https:\/\/www.cuprumfoma.it\/en\/#\/schema\/logo\/image\/\",\"url\":\"https:\/\/www.cuprumfoma.it\/wp-content\/uploads\/2025\/06\/logo-cuprumfoma-rame.png\",\"contentUrl\":\"https:\/\/www.cuprumfoma.it\/wp-content\/uploads\/2025\/06\/logo-cuprumfoma-rame.png\",\"width\":239,\"height\":53,\"caption\":\"CUPRUMFOMA S.p.A.\"},\"image\":{\"@id\":\"https:\/\/www.cuprumfoma.it\/en\/#\/schema\/logo\/image\/\"}}]}<\/script>\r\n<!-- \/ Yoast SEO plugin. -->","yoast_head_json":{"title":"Informativa ai clienti e fornitori - CUPRUMFOMA S.p.A.","robots":{"index":"index","follow":"follow","max-snippet":"max-snippet:-1","max-image-preview":"max-image-preview:large","max-video-preview":"max-video-preview:-1"},"canonical":"https:\/\/www.cuprumfoma.it\/en\/informativa-ai-clienti-e-fornitori\/","og_locale":"en_US","og_type":"article","og_title":"Informativa ai clienti e fornitori - CUPRUMFOMA S.p.A.","og_url":"https:\/\/www.cuprumfoma.it\/en\/informativa-ai-clienti-e-fornitori\/","og_site_name":"CUPRUMFOMA S.p.A.","twitter_card":"summary_large_image","twitter_misc":{"Est. reading time":"10 minutes"},"schema":{"@context":"https:\/\/schema.org","@graph":[{"@type":"WebPage","@id":"https:\/\/www.cuprumfoma.it\/en\/informativa-ai-clienti-e-fornitori\/","url":"https:\/\/www.cuprumfoma.it\/en\/informativa-ai-clienti-e-fornitori\/","name":"Informativa ai clienti e fornitori - CUPRUMFOMA S.p.A.","isPartOf":{"@id":"https:\/\/www.cuprumfoma.it\/en\/#website"},"datePublished":"2025-07-30T16:00:00+00:00","breadcrumb":{"@id":"https:\/\/www.cuprumfoma.it\/en\/informativa-ai-clienti-e-fornitori\/#breadcrumb"},"inLanguage":"en-US","potentialAction":[{"@type":"ReadAction","target":["https:\/\/www.cuprumfoma.it\/en\/informativa-ai-clienti-e-fornitori\/"]}]},{"@type":"BreadcrumbList","@id":"https:\/\/www.cuprumfoma.it\/en\/informativa-ai-clienti-e-fornitori\/#breadcrumb","itemListElement":[{"@type":"ListItem","position":1,"name":"Home","item":"https:\/\/www.cuprumfoma.it\/en\/"},{"@type":"ListItem","position":2,"name":"Informativa ai clienti e fornitori"}]},{"@type":"WebSite","@id":"https:\/\/www.cuprumfoma.it\/en\/#website","url":"https:\/\/www.cuprumfoma.it\/en\/","name":"CUPRUMFOMA S.p.A.","description":"Qualit\u00e0 e organizzazione al vostro servizio","publisher":{"@id":"https:\/\/www.cuprumfoma.it\/en\/#organization"},"potentialAction":[{"@type":"SearchAction","target":{"@type":"EntryPoint","urlTemplate":"https:\/\/www.cuprumfoma.it\/en\/?s={search_term_string}"},"query-input":{"@type":"PropertyValueSpecification","valueRequired":true,"valueName":"search_term_string"}}],"inLanguage":"en-US"},{"@type":"Organization","@id":"https:\/\/www.cuprumfoma.it\/en\/#organization","name":"CUPRUMFOMA S.p.A.","url":"https:\/\/www.cuprumfoma.it\/en\/","logo":{"@type":"ImageObject","inLanguage":"en-US","@id":"https:\/\/www.cuprumfoma.it\/en\/#\/schema\/logo\/image\/","url":"https:\/\/www.cuprumfoma.it\/wp-content\/uploads\/2025\/06\/logo-cuprumfoma-rame.png","contentUrl":"https:\/\/www.cuprumfoma.it\/wp-content\/uploads\/2025\/06\/logo-cuprumfoma-rame.png","width":239,"height":53,"caption":"CUPRUMFOMA S.p.A."},"image":{"@id":"https:\/\/www.cuprumfoma.it\/en\/#\/schema\/logo\/image\/"}}]}},"_links":{"self":[{"href":"https:\/\/www.cuprumfoma.it\/en\/wp-json\/wp\/v2\/pages\/2815","targetHints":{"allow":["GET"]}}],"collection":[{"href":"https:\/\/www.cuprumfoma.it\/en\/wp-json\/wp\/v2\/pages"}],"about":[{"href":"https:\/\/www.cuprumfoma.it\/en\/wp-json\/wp\/v2\/types\/page"}],"author":[{"embeddable":true,"href":"https:\/\/www.cuprumfoma.it\/en\/wp-json\/wp\/v2\/users\/1"}],"replies":[{"embeddable":true,"href":"https:\/\/www.cuprumfoma.it\/en\/wp-json\/wp\/v2\/comments?post=2815"}],"version-history":[{"count":0,"href":"https:\/\/www.cuprumfoma.it\/en\/wp-json\/wp\/v2\/pages\/2815\/revisions"}],"wp:attachment":[{"href":"https:\/\/www.cuprumfoma.it\/en\/wp-json\/wp\/v2\/media?parent=2815"}],"curies":[{"name":"wp","href":"https:\/\/api.w.org\/{rel}","templated":true}]}}