{"id":1666,"date":"2025-06-19T09:50:06","date_gmt":"2025-06-19T07:50:06","guid":{"rendered":"https:\/\/www.cuprumfoma.it\/home-page\/"},"modified":"2025-08-01T15:09:35","modified_gmt":"2025-08-01T13:09:35","slug":"home-page","status":"publish","type":"page","link":"https:\/\/www.cuprumfoma.it\/es\/","title":{"rendered":"Home Page"},"content":{"rendered":"<div class=\"fusion-fullwidth fullwidth-box fusion-builder-row-1 fusion-flex-container has-pattern-background has-mask-background nonhundred-percent-fullwidth non-hundred-percent-height-scrolling\" style=\"--awb-border-radius-top-left:0px;--awb-border-radius-top-right:0px;--awb-border-radius-bottom-right:0px;--awb-border-radius-bottom-left:0px;--awb-flex-wrap:wrap;\" ><div class=\"fusion-builder-row fusion-row fusion-flex-align-items-flex-start fusion-flex-content-wrap\" style=\"max-width:1476.8px;margin-left: calc(-4% \/ 2 );margin-right: calc(-4% \/ 2 );\"><div class=\"fusion-layout-column fusion_builder_column fusion-builder-column-0 fusion_builder_column_1_4 1_4 fusion-flex-column home-left\" style=\"--awb-z-index:2;--awb-bg-size:cover;--awb-width-large:25%;--awb-margin-top-large:0px;--awb-spacing-right-large:7.68%;--awb-margin-bottom-large:20px;--awb-spacing-left-large:7.68%;--awb-width-medium:33.333333333333%;--awb-order-medium:0;--awb-spacing-right-medium:5.76%;--awb-spacing-left-medium:5.76%;--awb-width-small:100%;--awb-order-small:0;--awb-spacing-right-small:1.92%;--awb-spacing-left-small:1.92%;\" data-scroll-devices=\"small-visibility,medium-visibility,large-visibility\"><div class=\"fusion-column-wrapper fusion-column-has-shadow fusion-flex-justify-content-flex-start fusion-content-layout-column\"><div class=\"fusion-title title fusion-title-1 fusion-sep-none fusion-title-text fusion-title-size-one\" style=\"--awb-text-color:var(--awb-color3);--awb-margin-bottom:25px;--awb-margin-bottom-small:25px;\"><h1 class=\"fusion-title-heading title-heading-left\" style=\"margin:0;text-transform:uppercase;\">Quotazioni rame<\/h1><\/div><div class=\"fusion-text fusion-text-1\" id=\"table-rame\"><table width=\"100%\">\n<tbody>\n<tr>\n<th align=\"left\">DATA CHIUSURA<\/th>\n<td align=\"left\">30\/04\/2026<\/td>\n<\/tr>\n<tr>\n<th align=\"left\">CAMBIO \u20ac\/US$<\/th>\n<td align=\"left\">1.1705<\/td>\n<\/tr>\n<tr>\n<th align=\"left\">LME FLAT \u20ac\/Kg<\/th>\n<td align=\"left\">11.120<\/td>\n<\/tr>\n<tr>\n<th align=\"left\">LME FLAT US$\/Kg<\/th>\n<td align=\"left\">13.015<\/td>\n<\/tr>\n<tr>\n<th align=\"left\">CASH MILANO \u20ac\/Kg<\/th>\n<td align=\"left\">13.049<\/td>\n<\/tr>\n<tr>\n<th align=\"left\">CASH MILANO +2% \/Kg<\/th>\n<td align=\"left\">13.310<\/td>\n<\/tr>\n<\/tbody>\n<\/table>\n<\/div>\n<div class=\"fusion-title title fusion-title-2 fusion-sep-none fusion-title-text fusion-title-size-div\" style=\"--awb-text-color:var(--awb-color3);--awb-margin-top:50px;--awb-margin-bottom:25px;--awb-margin-top-small:50px;--awb-margin-bottom-small:25px;--awb-font-size:var(--awb-typography1-font-size);\"><div class=\"fusion-title-heading title-heading-left title-heading-tag\" style=\"font-family:&quot;Open Sans&quot;;font-style:normal;font-weight:600;margin:0;font-size:1em;letter-spacing:var(--awb-typography1-letter-spacing);text-transform:uppercase;line-height:var(--awb-typography1-line-height);\">News<\/div><\/div><div class=\"fusion-post-cards fusion-post-cards-1 fusion-grid-archive fusion-grid-columns-1 fusion-grid-flex-grow\" style=\"--awb-column-spacing:0px;--awb-dots-align:center;--awb-columns:1;--awb-active-filter-border-size:3px;--awb-filters-height:36px;--awb-row-spacing:0px;\"><ul class=\"fusion-grid fusion-grid-1 fusion-flex-align-items-flex-start fusion-grid-posts-cards\"><li class=\"fusion-layout-column fusion_builder_column fusion-builder-column-1 fusion-flex-column box-news post-card fusion-grid-column fusion-post-cards-grid-column\" style=\"--awb-padding-right:15px;--awb-padding-bottom:30px;--awb-padding-left:15px;--awb-bg-blend:overlay;--awb-bg-size:cover;--awb-border-color:var(--awb-color4);--awb-border-right:1px;--awb-border-left:1px;--awb-border-style:solid;\" data-scroll-devices=\"small-visibility,medium-visibility,large-visibility\"><div class=\"fusion-column-wrapper fusion-column-has-shadow fusion-flex-justify-content-flex-start fusion-content-layout-column\"><div class=\"fusion-title title fusion-title-3 fusion-sep-none fusion-title-text fusion-title-size-div\" style=\"--awb-text-color:var(--awb-color4);--awb-margin-bottom:10px;--awb-font-size:20px;\"><div class=\"fusion-title-heading title-heading-left title-heading-tag\" style=\"margin:0;font-size:1em;\"><a href=\"https:\/\/www.cuprumfoma.it\/es\/news-es\/mostra-convegno-expocomfort-24-27-marzo-2026\/\" class=\"awb-custom-text-color awb-custom-text-hover-color\" target=\"_self\">MOSTRA CONVEGNO EXPOCOMFORT \u2013 24\/27 Marzo 2026<\/a><\/div><\/div><div class=\"fusion-content-tb fusion-content-tb-1\" style=\"--awb-text-color:var(--awb-color3);--awb-text-transform:none;\"><p><\/p><\/div><\/div><\/li>\n<\/ul><\/div><\/div><\/div><div class=\"fusion-layout-column fusion_builder_column fusion-builder-column-2 fusion_builder_column_3_4 3_4 fusion-flex-column home-right\" style=\"--awb-z-index:1;--awb-bg-size:cover;--awb-width-large:75%;--awb-margin-top-large:0px;--awb-spacing-right-large:2.56%;--awb-margin-bottom-large:20px;--awb-spacing-left-large:2.56%;--awb-width-medium:66.666666666667%;--awb-order-medium:0;--awb-spacing-right-medium:2.88%;--awb-spacing-left-medium:2.88%;--awb-width-small:100%;--awb-order-small:0;--awb-spacing-right-small:1.92%;--awb-spacing-left-small:1.92%;\" data-scroll-devices=\"small-visibility,medium-visibility,large-visibility\"><div class=\"fusion-column-wrapper fusion-column-has-shadow fusion-flex-justify-content-flex-start fusion-content-layout-column\"><div class=\"fusion-image-element \" style=\"--awb-caption-title-font-family:var(--h2_typography-font-family);--awb-caption-title-font-weight:var(--h2_typography-font-weight);--awb-caption-title-font-style:var(--h2_typography-font-style);--awb-caption-title-size:var(--h2_typography-font-size);--awb-caption-title-transform:var(--h2_typography-text-transform);--awb-caption-title-line-height:var(--h2_typography-line-height);--awb-caption-title-letter-spacing:var(--h2_typography-letter-spacing);\"><span class=\" fusion-imageframe imageframe-none imageframe-1 hover-type-none\"><img decoding=\"async\" width=\"1024\" height=\"449\" alt=\"Immagine capannone dell&#039;alto\" title=\"capannone-dall-alto\" src=\"https:\/\/www.cuprumfoma.it\/wp-content\/uploads\/2025\/06\/capannone-dall-alto-1024x449.jpg\" class=\"img-responsive wp-image-215\" srcset=\"https:\/\/www.cuprumfoma.it\/wp-content\/uploads\/2025\/06\/capannone-dall-alto-300x132.jpg 300w, https:\/\/www.cuprumfoma.it\/wp-content\/uploads\/2025\/06\/capannone-dall-alto-768x337.jpg 768w, https:\/\/www.cuprumfoma.it\/wp-content\/uploads\/2025\/06\/capannone-dall-alto-1024x449.jpg 1024w, https:\/\/www.cuprumfoma.it\/wp-content\/uploads\/2025\/06\/capannone-dall-alto.jpg 1500w\" sizes=\"(max-width: 1024px) 100vw, 1024px\" \/><\/span><\/div><div class=\"fusion-title title fusion-title-4 fusion-sep-none fusion-title-text fusion-title-size-two\" style=\"--awb-margin-bottom-small:15px;\"><h2 class=\"fusion-title-heading title-heading-left\" style=\"margin:0;\">El cobre y el hombre<\/h2><\/div><div class=\"fusion-text fusion-text-2\"><p>El sol. El agua. El rayo. El fuego. Son muchos los elementos naturales que el hombre liga simb\u00f3licamente al cobre. Porque desde siempre el cobre acompa\u00f1a la evoluci\u00f3n de la civilizaci\u00f3n, de la cultura y de las tecnolog\u00edas humanas. Las primeras noticias de su utilizaci\u00f3n se remontan al neol\u00edtico, siguiendo l&#8217;evoluci\u00f3n de la natura humana en la historia. Naturalidad y altisima tecnolog\u00eda: estas son las dos animas del cobre. Completamente reciclable y ecol\u00f3gico, bajo forma de tubos y tuber\u00edas para que agua, gas, combustibles l\u00edquidos sean canalizados y usados por el bienestar de todos, poniendo la fuerza y l&#8217;energia de la naturaleza al alcance de todos.<\/p>\n<\/div><div class=\"fusion-content-boxes content-boxes columns row fusion-columns-4 fusion-columns-total-4 fusion-content-boxes-1 content-boxes-icon-on-top content-left servizi-hp\" style=\"--awb-body-color:var(--awb-color3);--awb-title-color:var(--awb-color4);--awb-iconcolor:var(--awb-color1);--awb-margin-top:50px;--awb-hover-accent-color:var(--awb-color4);--awb-circle-hover-accent-color:var(--awb-color4);\" data-animationOffset=\"top-into-view\"><div style=\"--awb-backgroundcolor:rgba(255,255,255,0);--awb-iconcolor:var(--awb-color1);\" class=\"fusion-column content-box-column content-box-column content-box-column-1 col-lg-3 col-md-3 col-sm-3 fusion-content-box-hover content-box-column-first-in-row\"><div class=\"col content-box-wrapper content-wrapper link-area-link-icon link-type-button content-icon-wrapper-yes icon-hover-animation-fade\" data-animationOffset=\"top-into-view\"><div class=\"heading heading-with-icon icon-left\"><a class=\"heading-link\" href=\"https:\/\/www.cuprumfoma.it\/qualita\/\" target=\"_self\"><div aria-hidden=\"true\" class=\"image\"><img decoding=\"async\" src=\"https:\/\/www.cuprumfoma.it\/wp-content\/uploads\/2025\/06\/qualita-home.jpg\" width=\"312\" height=\"178\" alt=\"\" \/><\/div><h2 class=\"content-box-heading\" style=\"--h2_typography-font-size:22px;line-height:27px;\">Calidad<\/h2><\/a><\/div><div class=\"fusion-clearfix\"><\/div><div class=\"content-container\">\n<p>La competitividad tiene un valor social esencial , ya que significa un crecimiento , siendo puestos de trabajo. Renovaci\u00f3n y calidad son las palabras clave para ofrecer perspectivas de futuro&#8230;<\/p>\n<\/div><div class=\"fusion-clearfix\"><\/div><a class=\"fusion-read-more-button fusion-content-box-button fusion-button button-default fusion-button-default-size button- button-flat\" href=\"https:\/\/www.cuprumfoma.it\/qualita\/\" target=\"_self\"><span class=\"fusion-button-text\">Leer m\u00e0s...<\/span><\/a><div class=\"fusion-clearfix\"><\/div><\/div><\/div><div style=\"--awb-backgroundcolor:rgba(255,255,255,0);--awb-iconcolor:var(--awb-color1);\" class=\"fusion-column content-box-column content-box-column content-box-column-2 col-lg-3 col-md-3 col-sm-3 fusion-content-box-hover \"><div class=\"col content-box-wrapper content-wrapper link-area-link-icon link-type-button content-icon-wrapper-yes icon-hover-animation-fade\" data-animationOffset=\"top-into-view\"><div class=\"heading heading-with-icon icon-left\"><a class=\"heading-link\" href=\"https:\/\/www.cuprumfoma.it\/produzione\/\" target=\"_self\"><div aria-hidden=\"true\" class=\"image\"><img decoding=\"async\" src=\"https:\/\/www.cuprumfoma.it\/wp-content\/uploads\/2025\/06\/produzione-home.jpg\" width=\"312\" height=\"178\" alt=\"\" \/><\/div><h2 class=\"content-box-heading\" style=\"--h2_typography-font-size:22px;line-height:27px;\">Producci\u00f3n<\/h2><\/a><\/div><div class=\"fusion-clearfix\"><\/div><div class=\"content-container\">\n<p>Desde hace veinte a\u00f1os conjuga tecnolog\u00edas modernas y respeto de l&#8217;ambiente&#8230;<\/p>\n<\/div><div class=\"fusion-clearfix\"><\/div><a class=\"fusion-read-more-button fusion-content-box-button fusion-button button-default fusion-button-default-size button- button-flat\" href=\"https:\/\/www.cuprumfoma.it\/produzione\/\" target=\"_self\"><span class=\"fusion-button-text\">Leer m\u00e0s... <\/span><\/a><div class=\"fusion-clearfix\"><\/div><\/div><\/div><div style=\"--awb-backgroundcolor:rgba(255,255,255,0);--awb-iconcolor:var(--awb-color1);\" class=\"fusion-column content-box-column content-box-column content-box-column-3 col-lg-3 col-md-3 col-sm-3 fusion-content-box-hover \"><div class=\"col content-box-wrapper content-wrapper link-area-link-icon link-type-button content-icon-wrapper-yes icon-hover-animation-fade\" data-animationOffset=\"top-into-view\"><div class=\"heading heading-with-icon icon-left\"><a class=\"heading-link\" href=\"https:\/\/www.cuprumfoma.it\/tubi-per-usi-industriali\/\" target=\"_self\"><div aria-hidden=\"true\" class=\"image\"><img decoding=\"async\" src=\"https:\/\/www.cuprumfoma.it\/wp-content\/uploads\/2025\/06\/prodotti-home.jpg\" width=\"312\" height=\"178\" alt=\"\" \/><\/div><h2 class=\"content-box-heading\" style=\"--h2_typography-font-size:22px;line-height:27px;\">Productos<\/h2><\/a><\/div><div class=\"fusion-clearfix\"><\/div><div class=\"content-container\">\n<p>Una amplia gama de tubos de cobre satisface todas las exigencias por di\u00e1metro, espesor y tolerancias y responde a las principales normas nacionales y internacionales.<\/p>\n<\/div><div class=\"fusion-clearfix\"><\/div><a class=\"fusion-read-more-button fusion-content-box-button fusion-button button-default fusion-button-default-size button- button-flat\" href=\"https:\/\/www.cuprumfoma.it\/tubi-per-usi-industriali\/\" target=\"_self\"><span class=\"fusion-button-text\">Leggi tutto...<\/span><\/a><div class=\"fusion-clearfix\"><\/div><\/div><\/div><div style=\"--awb-backgroundcolor:rgba(255,255,255,0);--awb-iconcolor:var(--awb-color1);\" class=\"fusion-column content-box-column content-box-column content-box-column-4 col-lg-3 col-md-3 col-sm-3 fusion-content-box-hover content-box-column-last content-box-column-last-in-row\"><div class=\"col content-box-wrapper content-wrapper link-area-link-icon link-type-button content-icon-wrapper-yes icon-hover-animation-fade\" data-animationOffset=\"top-into-view\"><div class=\"heading heading-with-icon icon-left\"><a class=\"heading-link\" href=\"https:\/\/www.cuprumfoma.it\/certificazioni\/\" target=\"_self\"><div aria-hidden=\"true\" class=\"image\"><img decoding=\"async\" src=\"https:\/\/www.cuprumfoma.it\/wp-content\/uploads\/2025\/06\/certificazioni-home.jpg\" width=\"312\" height=\"178\" alt=\"\" \/><\/div><h2 class=\"content-box-heading\" style=\"--h2_typography-font-size:22px;line-height:27px;\">Certificaciones<\/h2><\/a><\/div><div class=\"fusion-clearfix\"><\/div><div class=\"content-container\">\n<p>Como siempre sensible a estos argumentos CUPRUMFOMA ha ampliado su serie de certificaciones y su premios internacionales por conseguir el permiso para utilizar la marca Antimicrobial Copper + &#8230;<\/p>\n<\/div><div class=\"fusion-clearfix\"><\/div><a class=\"fusion-read-more-button fusion-content-box-button fusion-button button-default fusion-button-default-size button- button-flat\" href=\"https:\/\/www.cuprumfoma.it\/certificazioni\/\" target=\"_self\"><span class=\"fusion-button-text\">Leer m\u00e0s...<\/span><\/a><div class=\"fusion-clearfix\"><\/div><\/div><\/div><div class=\"fusion-clearfix\"><\/div><\/div><\/div><\/div><\/div><\/div>\n","protected":false},"excerpt":{"rendered":"","protected":false},"author":1,"featured_media":0,"parent":0,"menu_order":0,"comment_status":"closed","ping_status":"closed","template":"100-width.php","meta":{"_acf_changed":false,"footnotes":""},"class_list":["post-1666","page","type-page","status-publish","hentry"],"acf":[],"yoast_head":"<!-- This site is optimized with the Yoast SEO plugin v25.6 - https:\/\/yoast.com\/wordpress\/plugins\/seo\/ -->\r\n<title>Home Page - CUPRUMFOMA S.p.A.<\/title>\r\n<meta name=\"robots\" content=\"index, follow, max-snippet:-1, max-image-preview:large, max-video-preview:-1\" \/>\r\n<link rel=\"canonical\" href=\"https:\/\/www.cuprumfoma.it\/es\/\" \/>\r\n<meta property=\"og:locale\" content=\"es_ES\" \/>\r\n<meta property=\"og:type\" content=\"article\" \/>\r\n<meta property=\"og:title\" content=\"Home Page - CUPRUMFOMA S.p.A.\" \/>\r\n<meta property=\"og:url\" content=\"https:\/\/www.cuprumfoma.it\/es\/\" \/>\r\n<meta property=\"og:site_name\" content=\"CUPRUMFOMA S.p.A.\" \/>\r\n<meta property=\"article:modified_time\" content=\"2025-08-01T13:09:35+00:00\" \/>\r\n<meta name=\"twitter:card\" content=\"summary_large_image\" \/>\r\n<meta name=\"twitter:label1\" content=\"Tiempo de lectura\" \/>\n\t<meta name=\"twitter:data1\" content=\"3 minutos\" \/>\r\n<script type=\"application\/ld+json\" class=\"yoast-schema-graph\">{\"@context\":\"https:\/\/schema.org\",\"@graph\":[{\"@type\":\"WebPage\",\"@id\":\"https:\/\/www.cuprumfoma.it\/es\/\",\"url\":\"https:\/\/www.cuprumfoma.it\/es\/\",\"name\":\"Home Page - CUPRUMFOMA S.p.A.\",\"isPartOf\":{\"@id\":\"https:\/\/www.cuprumfoma.it\/es\/#website\"},\"datePublished\":\"2025-06-19T07:50:06+00:00\",\"dateModified\":\"2025-08-01T13:09:35+00:00\",\"breadcrumb\":{\"@id\":\"https:\/\/www.cuprumfoma.it\/es\/#breadcrumb\"},\"inLanguage\":\"es\",\"potentialAction\":[{\"@type\":\"ReadAction\",\"target\":[\"https:\/\/www.cuprumfoma.it\/es\/\"]}]},{\"@type\":\"BreadcrumbList\",\"@id\":\"https:\/\/www.cuprumfoma.it\/es\/#breadcrumb\",\"itemListElement\":[{\"@type\":\"ListItem\",\"position\":1,\"name\":\"Home\",\"item\":\"https:\/\/www.cuprumfoma.it\/es\/\"},{\"@type\":\"ListItem\",\"position\":2,\"name\":\"Home Page\"}]},{\"@type\":\"WebSite\",\"@id\":\"https:\/\/www.cuprumfoma.it\/es\/#website\",\"url\":\"https:\/\/www.cuprumfoma.it\/es\/\",\"name\":\"CUPRUMFOMA S.p.A.\",\"description\":\"Qualit\u00e0 e organizzazione al vostro servizio\",\"publisher\":{\"@id\":\"https:\/\/www.cuprumfoma.it\/es\/#organization\"},\"potentialAction\":[{\"@type\":\"SearchAction\",\"target\":{\"@type\":\"EntryPoint\",\"urlTemplate\":\"https:\/\/www.cuprumfoma.it\/es\/?s={search_term_string}\"},\"query-input\":{\"@type\":\"PropertyValueSpecification\",\"valueRequired\":true,\"valueName\":\"search_term_string\"}}],\"inLanguage\":\"es\"},{\"@type\":\"Organization\",\"@id\":\"https:\/\/www.cuprumfoma.it\/es\/#organization\",\"name\":\"CUPRUMFOMA S.p.A.\",\"url\":\"https:\/\/www.cuprumfoma.it\/es\/\",\"logo\":{\"@type\":\"ImageObject\",\"inLanguage\":\"es\",\"@id\":\"https:\/\/www.cuprumfoma.it\/es\/#\/schema\/logo\/image\/\",\"url\":\"https:\/\/www.cuprumfoma.it\/wp-content\/uploads\/2025\/06\/logo-cuprumfoma-rame.png\",\"contentUrl\":\"https:\/\/www.cuprumfoma.it\/wp-content\/uploads\/2025\/06\/logo-cuprumfoma-rame.png\",\"width\":239,\"height\":53,\"caption\":\"CUPRUMFOMA S.p.A.\"},\"image\":{\"@id\":\"https:\/\/www.cuprumfoma.it\/es\/#\/schema\/logo\/image\/\"}}]}<\/script>\r\n<!-- \/ Yoast SEO plugin. -->","yoast_head_json":{"title":"Home Page - CUPRUMFOMA S.p.A.","robots":{"index":"index","follow":"follow","max-snippet":"max-snippet:-1","max-image-preview":"max-image-preview:large","max-video-preview":"max-video-preview:-1"},"canonical":"https:\/\/www.cuprumfoma.it\/es\/","og_locale":"es_ES","og_type":"article","og_title":"Home Page - CUPRUMFOMA S.p.A.","og_url":"https:\/\/www.cuprumfoma.it\/es\/","og_site_name":"CUPRUMFOMA S.p.A.","article_modified_time":"2025-08-01T13:09:35+00:00","twitter_card":"summary_large_image","twitter_misc":{"Tiempo de lectura":"3 minutos"},"schema":{"@context":"https:\/\/schema.org","@graph":[{"@type":"WebPage","@id":"https:\/\/www.cuprumfoma.it\/es\/","url":"https:\/\/www.cuprumfoma.it\/es\/","name":"Home Page - CUPRUMFOMA S.p.A.","isPartOf":{"@id":"https:\/\/www.cuprumfoma.it\/es\/#website"},"datePublished":"2025-06-19T07:50:06+00:00","dateModified":"2025-08-01T13:09:35+00:00","breadcrumb":{"@id":"https:\/\/www.cuprumfoma.it\/es\/#breadcrumb"},"inLanguage":"es","potentialAction":[{"@type":"ReadAction","target":["https:\/\/www.cuprumfoma.it\/es\/"]}]},{"@type":"BreadcrumbList","@id":"https:\/\/www.cuprumfoma.it\/es\/#breadcrumb","itemListElement":[{"@type":"ListItem","position":1,"name":"Home","item":"https:\/\/www.cuprumfoma.it\/es\/"},{"@type":"ListItem","position":2,"name":"Home Page"}]},{"@type":"WebSite","@id":"https:\/\/www.cuprumfoma.it\/es\/#website","url":"https:\/\/www.cuprumfoma.it\/es\/","name":"CUPRUMFOMA S.p.A.","description":"Qualit\u00e0 e organizzazione al vostro servizio","publisher":{"@id":"https:\/\/www.cuprumfoma.it\/es\/#organization"},"potentialAction":[{"@type":"SearchAction","target":{"@type":"EntryPoint","urlTemplate":"https:\/\/www.cuprumfoma.it\/es\/?s={search_term_string}"},"query-input":{"@type":"PropertyValueSpecification","valueRequired":true,"valueName":"search_term_string"}}],"inLanguage":"es"},{"@type":"Organization","@id":"https:\/\/www.cuprumfoma.it\/es\/#organization","name":"CUPRUMFOMA S.p.A.","url":"https:\/\/www.cuprumfoma.it\/es\/","logo":{"@type":"ImageObject","inLanguage":"es","@id":"https:\/\/www.cuprumfoma.it\/es\/#\/schema\/logo\/image\/","url":"https:\/\/www.cuprumfoma.it\/wp-content\/uploads\/2025\/06\/logo-cuprumfoma-rame.png","contentUrl":"https:\/\/www.cuprumfoma.it\/wp-content\/uploads\/2025\/06\/logo-cuprumfoma-rame.png","width":239,"height":53,"caption":"CUPRUMFOMA S.p.A."},"image":{"@id":"https:\/\/www.cuprumfoma.it\/es\/#\/schema\/logo\/image\/"}}]}},"_links":{"self":[{"href":"https:\/\/www.cuprumfoma.it\/es\/wp-json\/wp\/v2\/pages\/1666","targetHints":{"allow":["GET"]}}],"collection":[{"href":"https:\/\/www.cuprumfoma.it\/es\/wp-json\/wp\/v2\/pages"}],"about":[{"href":"https:\/\/www.cuprumfoma.it\/es\/wp-json\/wp\/v2\/types\/page"}],"author":[{"embeddable":true,"href":"https:\/\/www.cuprumfoma.it\/es\/wp-json\/wp\/v2\/users\/1"}],"replies":[{"embeddable":true,"href":"https:\/\/www.cuprumfoma.it\/es\/wp-json\/wp\/v2\/comments?post=1666"}],"version-history":[{"count":2,"href":"https:\/\/www.cuprumfoma.it\/es\/wp-json\/wp\/v2\/pages\/1666\/revisions"}],"predecessor-version":[{"id":2964,"href":"https:\/\/www.cuprumfoma.it\/es\/wp-json\/wp\/v2\/pages\/1666\/revisions\/2964"}],"wp:attachment":[{"href":"https:\/\/www.cuprumfoma.it\/es\/wp-json\/wp\/v2\/media?parent=1666"}],"curies":[{"name":"wp","href":"https:\/\/api.w.org\/{rel}","templated":true}]}}