{"id":1772,"date":"2025-06-20T08:35:36","date_gmt":"2025-06-20T06:35:36","guid":{"rendered":"https:\/\/www.cuprumfoma.it\/quality\/"},"modified":"2025-07-18T09:15:35","modified_gmt":"2025-07-18T07:15:35","slug":"quality","status":"publish","type":"page","link":"https:\/\/www.cuprumfoma.it\/es\/calidad\/","title":{"rendered":"Calidad"},"content":{"rendered":"<div class=\"fusion-fullwidth fullwidth-box fusion-builder-row-1 fusion-flex-container has-pattern-background has-mask-background nonhundred-percent-fullwidth non-hundred-percent-height-scrolling\" style=\"--awb-border-radius-top-left:0px;--awb-border-radius-top-right:0px;--awb-border-radius-bottom-right:0px;--awb-border-radius-bottom-left:0px;--awb-flex-wrap:wrap;\" ><div class=\"fusion-builder-row fusion-row fusion-flex-align-items-flex-start fusion-flex-content-wrap\" style=\"max-width:1476.8px;margin-left: calc(-4% \/ 2 );margin-right: calc(-4% \/ 2 );\"><div class=\"fusion-layout-column fusion_builder_column fusion-builder-column-0 fusion_builder_column_1_4 1_4 fusion-flex-column pagina-left\" style=\"--awb-z-index:2;--awb-bg-size:cover;--awb-width-large:25%;--awb-margin-top-large:0px;--awb-spacing-right-large:7.68%;--awb-margin-bottom-large:20px;--awb-spacing-left-large:7.68%;--awb-width-medium:33.333333333333%;--awb-order-medium:0;--awb-spacing-right-medium:5.76%;--awb-spacing-left-medium:5.76%;--awb-width-small:100%;--awb-order-small:0;--awb-spacing-right-small:1.92%;--awb-spacing-left-small:1.92%;\" data-scroll-devices=\"small-visibility,medium-visibility,large-visibility\"><div class=\"fusion-column-wrapper fusion-column-has-shadow fusion-flex-justify-content-flex-start fusion-content-layout-column\"><div class=\"awb-gallery-wrapper awb-gallery-wrapper-1 button-span-no\" style=\"--more-btn-alignment:center;\"><div style=\"margin:-5px;--awb-aspect-ratio:1 \/ 1;--awb-bordersize:0px;--awb-border-radius:4px;--awb-columns-medium:50%;--awb-columns-small:50%;\" class=\"fusion-gallery fusion-gallery-container fusion-grid-2 fusion-columns-total-4 fusion-gallery-layout-grid fusion-gallery-1 gallery-profilo has-aspect-ratio\"><div style=\"padding:5px;\" class=\"fusion-grid-column fusion-gallery-column fusion-gallery-column-2 hover-type-zoomin\"><div class=\"fusion-gallery-image\"><a href=\"https:\/\/www.cuprumfoma.it\/wp-content\/uploads\/2025\/06\/gallery-qualita-1.jpg\" rel=\"noreferrer\" data-rel=\"iLightbox[gallery_image_1]\" class=\"fusion-lightbox\" target=\"_self\"><img decoding=\"async\" src=\"https:\/\/www.cuprumfoma.it\/wp-content\/uploads\/2025\/06\/gallery-qualita-1.jpg\" width=\"482\" height=\"600\" alt=\"\" title=\"gallery-qualita-1\" aria-label=\"gallery-qualita-1\" class=\"img-responsive wp-image-374\" srcset=\"https:\/\/www.cuprumfoma.it\/wp-content\/uploads\/2025\/06\/gallery-qualita-1-241x300.jpg 241w, https:\/\/www.cuprumfoma.it\/wp-content\/uploads\/2025\/06\/gallery-qualita-1.jpg 482w\" sizes=\"(max-width: 482px) 100vw, 482px\" \/><\/a><\/div><\/div><div style=\"padding:5px;\" class=\"fusion-grid-column fusion-gallery-column fusion-gallery-column-2 hover-type-zoomin\"><div class=\"fusion-gallery-image\"><a href=\"https:\/\/www.cuprumfoma.it\/wp-content\/uploads\/2025\/06\/gallery-qualita-2.jpg\" rel=\"noreferrer\" data-rel=\"iLightbox[gallery_image_1]\" class=\"fusion-lightbox\" target=\"_self\"><img decoding=\"async\" src=\"https:\/\/www.cuprumfoma.it\/wp-content\/uploads\/2025\/06\/gallery-qualita-2.jpg\" width=\"800\" height=\"392\" alt=\"\" title=\"gallery-qualita-2\" aria-label=\"gallery-qualita-2\" class=\"img-responsive wp-image-368\" srcset=\"https:\/\/www.cuprumfoma.it\/wp-content\/uploads\/2025\/06\/gallery-qualita-2-300x147.jpg 300w, https:\/\/www.cuprumfoma.it\/wp-content\/uploads\/2025\/06\/gallery-qualita-2-768x376.jpg 768w, https:\/\/www.cuprumfoma.it\/wp-content\/uploads\/2025\/06\/gallery-qualita-2.jpg 800w\" sizes=\"(max-width: 800px) 100vw, 800px\" \/><\/a><\/div><\/div><div class=\"clearfix\"><\/div><div style=\"padding:5px;\" class=\"fusion-grid-column fusion-gallery-column fusion-gallery-column-2 hover-type-zoomin\"><div class=\"fusion-gallery-image\"><a href=\"https:\/\/www.cuprumfoma.it\/wp-content\/uploads\/2025\/06\/gallery-qualita-3.jpg\" rel=\"noreferrer\" data-rel=\"iLightbox[gallery_image_1]\" class=\"fusion-lightbox\" target=\"_self\"><img decoding=\"async\" src=\"https:\/\/www.cuprumfoma.it\/wp-content\/uploads\/2025\/06\/gallery-qualita-3.jpg\" width=\"248\" height=\"500\" alt=\"\" title=\"gallery-qualita-3\" aria-label=\"gallery-qualita-3\" class=\"img-responsive wp-image-362\" srcset=\"https:\/\/www.cuprumfoma.it\/wp-content\/uploads\/2025\/06\/gallery-qualita-3-149x300.jpg 149w, https:\/\/www.cuprumfoma.it\/wp-content\/uploads\/2025\/06\/gallery-qualita-3.jpg 248w\" sizes=\"(max-width: 248px) 100vw, 248px\" \/><\/a><\/div><\/div><div style=\"padding:5px;\" class=\"fusion-grid-column fusion-gallery-column fusion-gallery-column-2 hover-type-zoomin\"><div class=\"fusion-gallery-image\"><a href=\"https:\/\/www.cuprumfoma.it\/wp-content\/uploads\/2025\/06\/gallery-qualita-4.jpg\" rel=\"noreferrer\" data-rel=\"iLightbox[gallery_image_1]\" class=\"fusion-lightbox\" target=\"_self\"><img decoding=\"async\" src=\"https:\/\/www.cuprumfoma.it\/wp-content\/uploads\/2025\/06\/gallery-qualita-4.jpg\" width=\"600\" height=\"302\" alt=\"\" title=\"gallery-qualita-4\" aria-label=\"gallery-qualita-4\" class=\"img-responsive wp-image-356\" srcset=\"https:\/\/www.cuprumfoma.it\/wp-content\/uploads\/2025\/06\/gallery-qualita-4-300x151.jpg 300w, https:\/\/www.cuprumfoma.it\/wp-content\/uploads\/2025\/06\/gallery-qualita-4.jpg 600w\" sizes=\"(max-width: 600px) 100vw, 600px\" \/><\/a><\/div><\/div><div class=\"clearfix\"><\/div><\/div><\/div><\/div><\/div><div class=\"fusion-layout-column fusion_builder_column fusion-builder-column-1 fusion_builder_column_3_4 3_4 fusion-flex-column pagina-right\" style=\"--awb-z-index:1;--awb-bg-size:cover;--awb-width-large:75%;--awb-margin-top-large:0px;--awb-spacing-right-large:2.56%;--awb-margin-bottom-large:20px;--awb-spacing-left-large:2.56%;--awb-width-medium:66.666666666667%;--awb-order-medium:0;--awb-spacing-right-medium:2.88%;--awb-spacing-left-medium:2.88%;--awb-width-small:100%;--awb-order-small:0;--awb-spacing-right-small:1.92%;--awb-spacing-left-small:1.92%;\" data-scroll-devices=\"small-visibility,medium-visibility,large-visibility\"><div class=\"fusion-column-wrapper fusion-column-has-shadow fusion-flex-justify-content-flex-start fusion-content-layout-column\"><div class=\"fusion-title title fusion-title-1 fusion-sep-none fusion-title-text fusion-title-size-one\" style=\"--awb-margin-bottom:25px;--awb-margin-bottom-small:25px;\"><h1 class=\"fusion-title-heading title-heading-left\" style=\"margin:0;\">Calidad<\/h1><\/div><div class=\"fusion-text fusion-text-1\"><p>La empresa Foma est\u00e0\u00a0certificada ISO 9001 : 2000 y siempre ha considerado la calidad como uno de sus puntos fuertes sea por el producto as\u00ed como por la organizaci\u00f3n.<\/p>\n<p>Testigo de esto son los recursos humanos que se ocupan de esta actividad:<\/p>\n<ul>\n<li>personal que se dedica a la Gesti\u00f3n de la calidad que, en acuerdo con la Direcci\u00f3n General, colabora activamente para la continua mejora de los procesos, de las t\u00e9cnicas de control y entonces de la an\u00e1lisis de los mismos con relaciones diarias donde sea necesario. ademas estos recursos colaboran activamente con la fabrica de Pralboino (Divisi\u00f3n Aluminio) dedicando sus energ\u00edas al mantenimiento de un sistema \u00fanico para todo el grupo;<\/li>\n<li>personal que se dedica al seguro de la calidad del producto que gestiona, en los tres turnos el control al 100% de la producci\u00f3n tambi\u00e9n con herramientas (Eddy Current) montadas a lado de maquina, herramientas verificadas peri\u00f3dicamente por parte de personal especializado.<\/li>\n<\/ul>\n<p>La fabrica esta equipada tambi\u00e9n con un laboratorio con:<\/p>\n<ul>\n<li>Analizador de residuo de carbono<\/li>\n<li>Maquina de tracci\u00f3n<\/li>\n<li>Proyector de perfiles<\/li>\n<li>Microscopio \u00f3ptico<\/li>\n<li>Estereoscopio<\/li>\n<li>Micr\u00f3metros digitales centesimales<\/li>\n<li>Herramientas para an\u00e1lisis qu\u00edmicas calidad \/ cantidad.<\/li>\n<\/ul>\n<p>Todo est\u00e1 estudiado en los m\u00ednimos detalles, desde el producto hasta el embalaje mas adecuado.<\/p>\n<p>Una organizaci\u00f3n eficiente, un almac\u00e9n capaz y equipado y un rico parque veh\u00edculos garantizan un servicio r\u00e1pido y seguro.<\/p>\n<p>Un asesoramiento calificado y una asistencia t\u00e9cnica puntual ofrecen a todos los clientes la seguridad de una activa colaboraci\u00f3n.<\/p>\n<p>Este permite a <span style=\"color: #9b6a10;\">CUPRUMFOMA<\/span> de tener un producto conforme a las mas r\u00edgidas normas internacionales y un servicio siempre a los mas altos niveles.<\/p>\n<p><strong><a href=\"https:\/\/www.cuprumfoma.it\/wp-content\/uploads\/2025\/07\/politica-qualita-en.pdf\" target=\"_blank\" rel=\"noopener\">Download Policy for Quality<\/a><\/strong><\/p>\n<\/div><\/div><\/div><\/div><\/div>\n","protected":false},"excerpt":{"rendered":"","protected":false},"author":1,"featured_media":0,"parent":0,"menu_order":0,"comment_status":"closed","ping_status":"closed","template":"100-width.php","meta":{"_acf_changed":false,"footnotes":""},"class_list":["post-1772","page","type-page","status-publish","hentry"],"acf":[],"yoast_head":"<!-- This site is optimized with the Yoast SEO plugin v25.6 - https:\/\/yoast.com\/wordpress\/plugins\/seo\/ -->\r\n<title>Calidad - CUPRUMFOMA S.p.A.<\/title>\r\n<meta name=\"robots\" content=\"index, follow, max-snippet:-1, max-image-preview:large, max-video-preview:-1\" \/>\r\n<link rel=\"canonical\" href=\"https:\/\/www.cuprumfoma.it\/es\/calidad\/\" \/>\r\n<meta property=\"og:locale\" content=\"es_ES\" \/>\r\n<meta property=\"og:type\" content=\"article\" \/>\r\n<meta property=\"og:title\" content=\"Calidad - CUPRUMFOMA S.p.A.\" \/>\r\n<meta property=\"og:url\" content=\"https:\/\/www.cuprumfoma.it\/es\/calidad\/\" \/>\r\n<meta property=\"og:site_name\" content=\"CUPRUMFOMA S.p.A.\" \/>\r\n<meta property=\"article:modified_time\" content=\"2025-07-18T07:15:35+00:00\" \/>\r\n<meta name=\"twitter:card\" content=\"summary_large_image\" \/>\r\n<meta name=\"twitter:label1\" content=\"Tiempo de lectura\" \/>\n\t<meta name=\"twitter:data1\" content=\"13 minutos\" \/>\r\n<script type=\"application\/ld+json\" class=\"yoast-schema-graph\">{\"@context\":\"https:\/\/schema.org\",\"@graph\":[{\"@type\":\"WebPage\",\"@id\":\"https:\/\/www.cuprumfoma.it\/es\/calidad\/\",\"url\":\"https:\/\/www.cuprumfoma.it\/es\/calidad\/\",\"name\":\"Calidad - CUPRUMFOMA S.p.A.\",\"isPartOf\":{\"@id\":\"https:\/\/www.cuprumfoma.it\/es\/#website\"},\"datePublished\":\"2025-06-20T06:35:36+00:00\",\"dateModified\":\"2025-07-18T07:15:35+00:00\",\"breadcrumb\":{\"@id\":\"https:\/\/www.cuprumfoma.it\/es\/calidad\/#breadcrumb\"},\"inLanguage\":\"es\",\"potentialAction\":[{\"@type\":\"ReadAction\",\"target\":[\"https:\/\/www.cuprumfoma.it\/es\/calidad\/\"]}]},{\"@type\":\"BreadcrumbList\",\"@id\":\"https:\/\/www.cuprumfoma.it\/es\/calidad\/#breadcrumb\",\"itemListElement\":[{\"@type\":\"ListItem\",\"position\":1,\"name\":\"Home\",\"item\":\"https:\/\/www.cuprumfoma.it\/es\/\"},{\"@type\":\"ListItem\",\"position\":2,\"name\":\"Calidad\"}]},{\"@type\":\"WebSite\",\"@id\":\"https:\/\/www.cuprumfoma.it\/es\/#website\",\"url\":\"https:\/\/www.cuprumfoma.it\/es\/\",\"name\":\"CUPRUMFOMA S.p.A.\",\"description\":\"Qualit\u00e0 e organizzazione al vostro servizio\",\"publisher\":{\"@id\":\"https:\/\/www.cuprumfoma.it\/es\/#organization\"},\"potentialAction\":[{\"@type\":\"SearchAction\",\"target\":{\"@type\":\"EntryPoint\",\"urlTemplate\":\"https:\/\/www.cuprumfoma.it\/es\/?s={search_term_string}\"},\"query-input\":{\"@type\":\"PropertyValueSpecification\",\"valueRequired\":true,\"valueName\":\"search_term_string\"}}],\"inLanguage\":\"es\"},{\"@type\":\"Organization\",\"@id\":\"https:\/\/www.cuprumfoma.it\/es\/#organization\",\"name\":\"CUPRUMFOMA S.p.A.\",\"url\":\"https:\/\/www.cuprumfoma.it\/es\/\",\"logo\":{\"@type\":\"ImageObject\",\"inLanguage\":\"es\",\"@id\":\"https:\/\/www.cuprumfoma.it\/es\/#\/schema\/logo\/image\/\",\"url\":\"https:\/\/www.cuprumfoma.it\/wp-content\/uploads\/2025\/06\/logo-cuprumfoma-rame.png\",\"contentUrl\":\"https:\/\/www.cuprumfoma.it\/wp-content\/uploads\/2025\/06\/logo-cuprumfoma-rame.png\",\"width\":239,\"height\":53,\"caption\":\"CUPRUMFOMA S.p.A.\"},\"image\":{\"@id\":\"https:\/\/www.cuprumfoma.it\/es\/#\/schema\/logo\/image\/\"}}]}<\/script>\r\n<!-- \/ Yoast SEO plugin. -->","yoast_head_json":{"title":"Calidad - CUPRUMFOMA S.p.A.","robots":{"index":"index","follow":"follow","max-snippet":"max-snippet:-1","max-image-preview":"max-image-preview:large","max-video-preview":"max-video-preview:-1"},"canonical":"https:\/\/www.cuprumfoma.it\/es\/calidad\/","og_locale":"es_ES","og_type":"article","og_title":"Calidad - CUPRUMFOMA S.p.A.","og_url":"https:\/\/www.cuprumfoma.it\/es\/calidad\/","og_site_name":"CUPRUMFOMA S.p.A.","article_modified_time":"2025-07-18T07:15:35+00:00","twitter_card":"summary_large_image","twitter_misc":{"Tiempo de lectura":"13 minutos"},"schema":{"@context":"https:\/\/schema.org","@graph":[{"@type":"WebPage","@id":"https:\/\/www.cuprumfoma.it\/es\/calidad\/","url":"https:\/\/www.cuprumfoma.it\/es\/calidad\/","name":"Calidad - CUPRUMFOMA S.p.A.","isPartOf":{"@id":"https:\/\/www.cuprumfoma.it\/es\/#website"},"datePublished":"2025-06-20T06:35:36+00:00","dateModified":"2025-07-18T07:15:35+00:00","breadcrumb":{"@id":"https:\/\/www.cuprumfoma.it\/es\/calidad\/#breadcrumb"},"inLanguage":"es","potentialAction":[{"@type":"ReadAction","target":["https:\/\/www.cuprumfoma.it\/es\/calidad\/"]}]},{"@type":"BreadcrumbList","@id":"https:\/\/www.cuprumfoma.it\/es\/calidad\/#breadcrumb","itemListElement":[{"@type":"ListItem","position":1,"name":"Home","item":"https:\/\/www.cuprumfoma.it\/es\/"},{"@type":"ListItem","position":2,"name":"Calidad"}]},{"@type":"WebSite","@id":"https:\/\/www.cuprumfoma.it\/es\/#website","url":"https:\/\/www.cuprumfoma.it\/es\/","name":"CUPRUMFOMA S.p.A.","description":"Qualit\u00e0 e organizzazione al vostro servizio","publisher":{"@id":"https:\/\/www.cuprumfoma.it\/es\/#organization"},"potentialAction":[{"@type":"SearchAction","target":{"@type":"EntryPoint","urlTemplate":"https:\/\/www.cuprumfoma.it\/es\/?s={search_term_string}"},"query-input":{"@type":"PropertyValueSpecification","valueRequired":true,"valueName":"search_term_string"}}],"inLanguage":"es"},{"@type":"Organization","@id":"https:\/\/www.cuprumfoma.it\/es\/#organization","name":"CUPRUMFOMA S.p.A.","url":"https:\/\/www.cuprumfoma.it\/es\/","logo":{"@type":"ImageObject","inLanguage":"es","@id":"https:\/\/www.cuprumfoma.it\/es\/#\/schema\/logo\/image\/","url":"https:\/\/www.cuprumfoma.it\/wp-content\/uploads\/2025\/06\/logo-cuprumfoma-rame.png","contentUrl":"https:\/\/www.cuprumfoma.it\/wp-content\/uploads\/2025\/06\/logo-cuprumfoma-rame.png","width":239,"height":53,"caption":"CUPRUMFOMA S.p.A."},"image":{"@id":"https:\/\/www.cuprumfoma.it\/es\/#\/schema\/logo\/image\/"}}]}},"_links":{"self":[{"href":"https:\/\/www.cuprumfoma.it\/es\/wp-json\/wp\/v2\/pages\/1772","targetHints":{"allow":["GET"]}}],"collection":[{"href":"https:\/\/www.cuprumfoma.it\/es\/wp-json\/wp\/v2\/pages"}],"about":[{"href":"https:\/\/www.cuprumfoma.it\/es\/wp-json\/wp\/v2\/types\/page"}],"author":[{"embeddable":true,"href":"https:\/\/www.cuprumfoma.it\/es\/wp-json\/wp\/v2\/users\/1"}],"replies":[{"embeddable":true,"href":"https:\/\/www.cuprumfoma.it\/es\/wp-json\/wp\/v2\/comments?post=1772"}],"version-history":[{"count":1,"href":"https:\/\/www.cuprumfoma.it\/es\/wp-json\/wp\/v2\/pages\/1772\/revisions"}],"predecessor-version":[{"id":1773,"href":"https:\/\/www.cuprumfoma.it\/es\/wp-json\/wp\/v2\/pages\/1772\/revisions\/1773"}],"wp:attachment":[{"href":"https:\/\/www.cuprumfoma.it\/es\/wp-json\/wp\/v2\/media?parent=1772"}],"curies":[{"name":"wp","href":"https:\/\/api.w.org\/{rel}","templated":true}]}}