{"id":1420,"date":"2025-06-19T15:30:41","date_gmt":"2025-06-19T13:30:41","guid":{"rendered":"https:\/\/www.cuprumfoma.it\/description\/"},"modified":"2025-07-17T17:40:34","modified_gmt":"2025-07-17T15:40:34","slug":"description","status":"publish","type":"page","link":"https:\/\/www.cuprumfoma.it\/fr\/societe\/description\/","title":{"rendered":"Description"},"content":{"rendered":"<div class=\"fusion-fullwidth fullwidth-box fusion-builder-row-1 fusion-flex-container has-pattern-background has-mask-background nonhundred-percent-fullwidth non-hundred-percent-height-scrolling\" style=\"--awb-border-radius-top-left:0px;--awb-border-radius-top-right:0px;--awb-border-radius-bottom-right:0px;--awb-border-radius-bottom-left:0px;--awb-flex-wrap:wrap;\" ><div class=\"fusion-builder-row fusion-row fusion-flex-align-items-flex-start fusion-flex-content-wrap\" style=\"max-width:1476.8px;margin-left: calc(-4% \/ 2 );margin-right: calc(-4% \/ 2 );\"><div class=\"fusion-layout-column fusion_builder_column fusion-builder-column-0 fusion_builder_column_1_4 1_4 fusion-flex-column pagina-left\" style=\"--awb-z-index:2;--awb-bg-size:cover;--awb-width-large:25%;--awb-margin-top-large:0px;--awb-spacing-right-large:7.68%;--awb-margin-bottom-large:20px;--awb-spacing-left-large:7.68%;--awb-width-medium:33.333333333333%;--awb-order-medium:0;--awb-spacing-right-medium:5.76%;--awb-spacing-left-medium:5.76%;--awb-width-small:100%;--awb-order-small:0;--awb-spacing-right-small:1.92%;--awb-spacing-left-small:1.92%;\" data-scroll-devices=\"small-visibility,medium-visibility,large-visibility\"><div class=\"fusion-column-wrapper fusion-column-has-shadow fusion-flex-justify-content-flex-start fusion-content-layout-column\"><div class=\"awb-gallery-wrapper awb-gallery-wrapper-1 button-span-no\" style=\"--more-btn-alignment:center;\"><div style=\"margin:-5px;--awb-bordersize:0px;--awb-border-radius:4px;--awb-columns-medium:50%;--awb-columns-small:50%;\" class=\"fusion-gallery fusion-gallery-container fusion-grid-2 fusion-columns-total-3 fusion-gallery-layout-masonry fusion-gallery-1 gallery-profilo\"><div class=\"fusion-grid-column fusion-gallery-column fusion-gallery-column-2 hover-type-zoomin fusion-grid-sizer\"><\/div><div style=\"padding:5px;\" class=\"fusion-grid-column fusion-gallery-column fusion-gallery-column-2 hover-type-zoomin fusion-element-grid\"><div class=\"fusion-gallery-image\"><a href=\"https:\/\/www.cuprumfoma.it\/wp-content\/uploads\/2025\/06\/gallery-azienda-1.jpg\" rel=\"noreferrer\" data-rel=\"iLightbox[gallery_image_1]\" class=\"fusion-lightbox\" target=\"_self\"><div style=\"background-image:url(https:\/\/www.cuprumfoma.it\/wp-content\/uploads\/2025\/06\/gallery-azienda-1.jpg);padding-top:calc((100% + 10px) * 0.8 - 5px);background-position:;\" class=\"fusion-masonry-element-container\"><img decoding=\"async\" src=\"https:\/\/www.cuprumfoma.it\/wp-content\/uploads\/2025\/06\/gallery-azienda-1.jpg\" width=\"214\" height=\"303\" alt=\"\" title=\"gallery-azienda-1\" aria-label=\"gallery-azienda-1\" class=\"img-responsive wp-image-238\" srcset=\"https:\/\/www.cuprumfoma.it\/wp-content\/uploads\/2025\/06\/gallery-azienda-1-212x300.jpg 212w, https:\/\/www.cuprumfoma.it\/wp-content\/uploads\/2025\/06\/gallery-azienda-1.jpg 214w\" sizes=\"(max-width: 214px) 100vw, 214px\" \/><\/div><\/a><\/div><\/div><div style=\"padding:5px;\" class=\"fusion-grid-column fusion-gallery-column fusion-gallery-column-2 hover-type-zoomin fusion-element-portrait\"><div class=\"fusion-gallery-image\"><a href=\"https:\/\/www.cuprumfoma.it\/wp-content\/uploads\/2025\/06\/gallery-azienda-2.jpg\" rel=\"noreferrer\" data-rel=\"iLightbox[gallery_image_1]\" class=\"fusion-lightbox\" target=\"_self\"><div style=\"background-image:url(https:\/\/www.cuprumfoma.it\/wp-content\/uploads\/2025\/06\/gallery-azienda-2.jpg);padding-top:calc((100% + 10px) * 1.6);background-position:;\" class=\"fusion-masonry-element-container\"><img decoding=\"async\" src=\"https:\/\/www.cuprumfoma.it\/wp-content\/uploads\/2025\/06\/gallery-azienda-2.jpg\" width=\"500\" height=\"1000\" alt=\"\" title=\"gallery-azienda-2\" aria-label=\"gallery-azienda-2\" class=\"img-responsive wp-image-226\" srcset=\"https:\/\/www.cuprumfoma.it\/wp-content\/uploads\/2025\/06\/gallery-azienda-2-150x300.jpg 150w, https:\/\/www.cuprumfoma.it\/wp-content\/uploads\/2025\/06\/gallery-azienda-2.jpg 500w\" sizes=\"(max-width: 500px) 100vw, 500px\" \/><\/div><\/a><\/div><\/div><div style=\"padding:5px;\" class=\"fusion-grid-column fusion-gallery-column fusion-gallery-column-2 hover-type-zoomin fusion-element-grid\"><div class=\"fusion-gallery-image\"><a href=\"https:\/\/www.cuprumfoma.it\/wp-content\/uploads\/2025\/06\/produzione-1.jpg\" rel=\"noreferrer\" data-rel=\"iLightbox[gallery_image_1]\" class=\"fusion-lightbox\" target=\"_self\"><div style=\"background-image:url(https:\/\/www.cuprumfoma.it\/wp-content\/uploads\/2025\/06\/produzione-1.jpg);padding-top:calc((100% + 10px) * 0.8 - 5px);background-position:;\" class=\"fusion-masonry-element-container\"><img decoding=\"async\" src=\"https:\/\/www.cuprumfoma.it\/wp-content\/uploads\/2025\/06\/produzione-1.jpg\" width=\"1080\" height=\"879\" alt=\"\" title=\"produzione-1\" aria-label=\"produzione-1\" class=\"img-responsive wp-image-313\" srcset=\"https:\/\/www.cuprumfoma.it\/wp-content\/uploads\/2025\/06\/produzione-1-300x244.jpg 300w, https:\/\/www.cuprumfoma.it\/wp-content\/uploads\/2025\/06\/produzione-1-768x625.jpg 768w, https:\/\/www.cuprumfoma.it\/wp-content\/uploads\/2025\/06\/produzione-1-1024x833.jpg 1024w, https:\/\/www.cuprumfoma.it\/wp-content\/uploads\/2025\/06\/produzione-1.jpg 1080w\" sizes=\"(max-width: 1080px) 100vw, 1080px\" \/><\/div><\/a><\/div><\/div><\/div><\/div><\/div><\/div><div class=\"fusion-layout-column fusion_builder_column fusion-builder-column-1 fusion_builder_column_3_4 3_4 fusion-flex-column pagina-right\" style=\"--awb-z-index:1;--awb-bg-size:cover;--awb-width-large:75%;--awb-margin-top-large:0px;--awb-spacing-right-large:2.56%;--awb-margin-bottom-large:20px;--awb-spacing-left-large:2.56%;--awb-width-medium:66.666666666667%;--awb-order-medium:0;--awb-spacing-right-medium:2.88%;--awb-spacing-left-medium:2.88%;--awb-width-small:100%;--awb-order-small:0;--awb-spacing-right-small:1.92%;--awb-spacing-left-small:1.92%;\" data-scroll-devices=\"small-visibility,medium-visibility,large-visibility\"><div class=\"fusion-column-wrapper fusion-column-has-shadow fusion-flex-justify-content-flex-start fusion-content-layout-column\"><div class=\"fusion-title title fusion-title-1 fusion-sep-none fusion-title-text fusion-title-size-one\" style=\"--awb-margin-bottom:25px;--awb-margin-bottom-small:25px;\"><h1 class=\"fusion-title-heading title-heading-left\" style=\"margin:0;\">CUPRUMFOMA S.p.A.<\/h1><\/div><div class=\"fusion-text fusion-text-1\"><p><strong style=\"color: #996b60;\">CUPRUMFOMA<\/strong> a \u00e9t\u00e9 cr\u00e9\u00e9e par l&rsquo;instinct d&rsquo;entrepreneur de M. Angelo Montini qui &#8211; apr\u00e8s une longue exp\u00e9rience dans la fabrication des moules et de la pressofusion de l&rsquo;alluminium, commenc\u00e9e en 1956 par la soci\u00e9t\u00e9 Foma \u00e0 Lumezzane (BS) &#8211; interpr\u00e8te l&rsquo;\u00e9volution du march\u00e9 et per\u00e7oit un grand potentiel de d\u00e9veloppement dans le secteur du cuivre. En 1989 il s&rsquo;ouvre donc \u00e0 cette branche de l&rsquo;industrie et il commence la production de tubes en cuivre dans la nouvelle usine de Bedizzole (BS). En 30 ans CUPRUMFOMA atteint des niveaux d&rsquo;excellence uniques en toute l&rsquo;Europe, se pla\u00e7ant ainsi parmi les entreprises les plus importantes de ce secteur.<\/p>\n<\/div><\/div><\/div><\/div><\/div>\n","protected":false},"excerpt":{"rendered":"","protected":false},"author":1,"featured_media":0,"parent":0,"menu_order":0,"comment_status":"closed","ping_status":"closed","template":"100-width.php","meta":{"_acf_changed":false,"footnotes":""},"class_list":["post-1420","page","type-page","status-publish","hentry"],"acf":[],"yoast_head":"<!-- This site is optimized with the Yoast SEO plugin v25.6 - https:\/\/yoast.com\/wordpress\/plugins\/seo\/ -->\r\n<title>Description - CUPRUMFOMA S.p.A.<\/title>\r\n<meta name=\"robots\" content=\"index, follow, max-snippet:-1, max-image-preview:large, max-video-preview:-1\" \/>\r\n<link rel=\"canonical\" href=\"https:\/\/www.cuprumfoma.it\/fr\/societe\/description\/\" \/>\r\n<meta property=\"og:locale\" content=\"fr_FR\" \/>\r\n<meta property=\"og:type\" content=\"article\" \/>\r\n<meta property=\"og:title\" content=\"Description - CUPRUMFOMA S.p.A.\" \/>\r\n<meta property=\"og:url\" content=\"https:\/\/www.cuprumfoma.it\/fr\/societe\/description\/\" \/>\r\n<meta property=\"og:site_name\" content=\"CUPRUMFOMA S.p.A.\" \/>\r\n<meta property=\"article:modified_time\" content=\"2025-07-17T15:40:34+00:00\" \/>\r\n<meta name=\"twitter:card\" content=\"summary_large_image\" \/>\r\n<meta name=\"twitter:label1\" content=\"Dur\u00e9e de lecture estim\u00e9e\" \/>\n\t<meta name=\"twitter:data1\" content=\"12 minutes\" \/>\r\n<script type=\"application\/ld+json\" class=\"yoast-schema-graph\">{\"@context\":\"https:\/\/schema.org\",\"@graph\":[{\"@type\":\"WebPage\",\"@id\":\"https:\/\/www.cuprumfoma.it\/fr\/societe\/description\/\",\"url\":\"https:\/\/www.cuprumfoma.it\/fr\/societe\/description\/\",\"name\":\"Description - CUPRUMFOMA S.p.A.\",\"isPartOf\":{\"@id\":\"https:\/\/www.cuprumfoma.it\/fr\/#website\"},\"datePublished\":\"2025-06-19T13:30:41+00:00\",\"dateModified\":\"2025-07-17T15:40:34+00:00\",\"breadcrumb\":{\"@id\":\"https:\/\/www.cuprumfoma.it\/fr\/societe\/description\/#breadcrumb\"},\"inLanguage\":\"fr-FR\",\"potentialAction\":[{\"@type\":\"ReadAction\",\"target\":[\"https:\/\/www.cuprumfoma.it\/fr\/societe\/description\/\"]}]},{\"@type\":\"BreadcrumbList\",\"@id\":\"https:\/\/www.cuprumfoma.it\/fr\/societe\/description\/#breadcrumb\",\"itemListElement\":[{\"@type\":\"ListItem\",\"position\":1,\"name\":\"Home\",\"item\":\"https:\/\/www.cuprumfoma.it\/fr\/\"},{\"@type\":\"ListItem\",\"position\":2,\"name\":\"Description\"}]},{\"@type\":\"WebSite\",\"@id\":\"https:\/\/www.cuprumfoma.it\/fr\/#website\",\"url\":\"https:\/\/www.cuprumfoma.it\/fr\/\",\"name\":\"CUPRUMFOMA S.p.A.\",\"description\":\"Qualit\u00e0 e organizzazione al vostro servizio\",\"publisher\":{\"@id\":\"https:\/\/www.cuprumfoma.it\/fr\/#organization\"},\"potentialAction\":[{\"@type\":\"SearchAction\",\"target\":{\"@type\":\"EntryPoint\",\"urlTemplate\":\"https:\/\/www.cuprumfoma.it\/fr\/?s={search_term_string}\"},\"query-input\":{\"@type\":\"PropertyValueSpecification\",\"valueRequired\":true,\"valueName\":\"search_term_string\"}}],\"inLanguage\":\"fr-FR\"},{\"@type\":\"Organization\",\"@id\":\"https:\/\/www.cuprumfoma.it\/fr\/#organization\",\"name\":\"CUPRUMFOMA S.p.A.\",\"url\":\"https:\/\/www.cuprumfoma.it\/fr\/\",\"logo\":{\"@type\":\"ImageObject\",\"inLanguage\":\"fr-FR\",\"@id\":\"https:\/\/www.cuprumfoma.it\/fr\/#\/schema\/logo\/image\/\",\"url\":\"https:\/\/www.cuprumfoma.it\/wp-content\/uploads\/2025\/06\/logo-cuprumfoma-rame.png\",\"contentUrl\":\"https:\/\/www.cuprumfoma.it\/wp-content\/uploads\/2025\/06\/logo-cuprumfoma-rame.png\",\"width\":239,\"height\":53,\"caption\":\"CUPRUMFOMA S.p.A.\"},\"image\":{\"@id\":\"https:\/\/www.cuprumfoma.it\/fr\/#\/schema\/logo\/image\/\"}}]}<\/script>\r\n<!-- \/ Yoast SEO plugin. -->","yoast_head_json":{"title":"Description - CUPRUMFOMA S.p.A.","robots":{"index":"index","follow":"follow","max-snippet":"max-snippet:-1","max-image-preview":"max-image-preview:large","max-video-preview":"max-video-preview:-1"},"canonical":"https:\/\/www.cuprumfoma.it\/fr\/societe\/description\/","og_locale":"fr_FR","og_type":"article","og_title":"Description - CUPRUMFOMA S.p.A.","og_url":"https:\/\/www.cuprumfoma.it\/fr\/societe\/description\/","og_site_name":"CUPRUMFOMA S.p.A.","article_modified_time":"2025-07-17T15:40:34+00:00","twitter_card":"summary_large_image","twitter_misc":{"Dur\u00e9e de lecture estim\u00e9e":"12 minutes"},"schema":{"@context":"https:\/\/schema.org","@graph":[{"@type":"WebPage","@id":"https:\/\/www.cuprumfoma.it\/fr\/societe\/description\/","url":"https:\/\/www.cuprumfoma.it\/fr\/societe\/description\/","name":"Description - CUPRUMFOMA S.p.A.","isPartOf":{"@id":"https:\/\/www.cuprumfoma.it\/fr\/#website"},"datePublished":"2025-06-19T13:30:41+00:00","dateModified":"2025-07-17T15:40:34+00:00","breadcrumb":{"@id":"https:\/\/www.cuprumfoma.it\/fr\/societe\/description\/#breadcrumb"},"inLanguage":"fr-FR","potentialAction":[{"@type":"ReadAction","target":["https:\/\/www.cuprumfoma.it\/fr\/societe\/description\/"]}]},{"@type":"BreadcrumbList","@id":"https:\/\/www.cuprumfoma.it\/fr\/societe\/description\/#breadcrumb","itemListElement":[{"@type":"ListItem","position":1,"name":"Home","item":"https:\/\/www.cuprumfoma.it\/fr\/"},{"@type":"ListItem","position":2,"name":"Description"}]},{"@type":"WebSite","@id":"https:\/\/www.cuprumfoma.it\/fr\/#website","url":"https:\/\/www.cuprumfoma.it\/fr\/","name":"CUPRUMFOMA S.p.A.","description":"Qualit\u00e0 e organizzazione al vostro servizio","publisher":{"@id":"https:\/\/www.cuprumfoma.it\/fr\/#organization"},"potentialAction":[{"@type":"SearchAction","target":{"@type":"EntryPoint","urlTemplate":"https:\/\/www.cuprumfoma.it\/fr\/?s={search_term_string}"},"query-input":{"@type":"PropertyValueSpecification","valueRequired":true,"valueName":"search_term_string"}}],"inLanguage":"fr-FR"},{"@type":"Organization","@id":"https:\/\/www.cuprumfoma.it\/fr\/#organization","name":"CUPRUMFOMA S.p.A.","url":"https:\/\/www.cuprumfoma.it\/fr\/","logo":{"@type":"ImageObject","inLanguage":"fr-FR","@id":"https:\/\/www.cuprumfoma.it\/fr\/#\/schema\/logo\/image\/","url":"https:\/\/www.cuprumfoma.it\/wp-content\/uploads\/2025\/06\/logo-cuprumfoma-rame.png","contentUrl":"https:\/\/www.cuprumfoma.it\/wp-content\/uploads\/2025\/06\/logo-cuprumfoma-rame.png","width":239,"height":53,"caption":"CUPRUMFOMA S.p.A."},"image":{"@id":"https:\/\/www.cuprumfoma.it\/fr\/#\/schema\/logo\/image\/"}}]}},"_links":{"self":[{"href":"https:\/\/www.cuprumfoma.it\/fr\/wp-json\/wp\/v2\/pages\/1420","targetHints":{"allow":["GET"]}}],"collection":[{"href":"https:\/\/www.cuprumfoma.it\/fr\/wp-json\/wp\/v2\/pages"}],"about":[{"href":"https:\/\/www.cuprumfoma.it\/fr\/wp-json\/wp\/v2\/types\/page"}],"author":[{"embeddable":true,"href":"https:\/\/www.cuprumfoma.it\/fr\/wp-json\/wp\/v2\/users\/1"}],"replies":[{"embeddable":true,"href":"https:\/\/www.cuprumfoma.it\/fr\/wp-json\/wp\/v2\/comments?post=1420"}],"version-history":[{"count":4,"href":"https:\/\/www.cuprumfoma.it\/fr\/wp-json\/wp\/v2\/pages\/1420\/revisions"}],"predecessor-version":[{"id":1677,"href":"https:\/\/www.cuprumfoma.it\/fr\/wp-json\/wp\/v2\/pages\/1420\/revisions\/1677"}],"wp:attachment":[{"href":"https:\/\/www.cuprumfoma.it\/fr\/wp-json\/wp\/v2\/media?parent=1420"}],"curies":[{"name":"wp","href":"https:\/\/api.w.org\/{rel}","templated":true}]}}