{"id":1709,"date":"2025-06-19T16:20:45","date_gmt":"2025-06-19T14:20:45","guid":{"rendered":"https:\/\/www.cuprumfoma.it\/ambiente-e-sicurezza\/"},"modified":"2025-07-18T08:41:28","modified_gmt":"2025-07-18T06:41:28","slug":"ambiente-e-sicurezza","status":"publish","type":"page","link":"https:\/\/www.cuprumfoma.it\/fr\/societe\/ambiente-e-sicurezza\/","title":{"rendered":"Environnement et S\u00e9curit\u00e9"},"content":{"rendered":"<div class=\"fusion-fullwidth fullwidth-box fusion-builder-row-1 fusion-flex-container has-pattern-background has-mask-background nonhundred-percent-fullwidth non-hundred-percent-height-scrolling\" style=\"--awb-border-radius-top-left:0px;--awb-border-radius-top-right:0px;--awb-border-radius-bottom-right:0px;--awb-border-radius-bottom-left:0px;--awb-flex-wrap:wrap;\" ><div class=\"fusion-builder-row fusion-row fusion-flex-align-items-flex-start fusion-flex-content-wrap\" style=\"max-width:1476.8px;margin-left: calc(-4% \/ 2 );margin-right: calc(-4% \/ 2 );\"><div class=\"fusion-layout-column fusion_builder_column fusion-builder-column-0 fusion_builder_column_1_4 1_4 fusion-flex-column pagina-left\" style=\"--awb-z-index:2;--awb-bg-size:cover;--awb-width-large:25%;--awb-margin-top-large:0px;--awb-spacing-right-large:7.68%;--awb-margin-bottom-large:20px;--awb-spacing-left-large:7.68%;--awb-width-medium:33.333333333333%;--awb-order-medium:0;--awb-spacing-right-medium:5.76%;--awb-spacing-left-medium:5.76%;--awb-width-small:100%;--awb-order-small:0;--awb-spacing-right-small:1.92%;--awb-spacing-left-small:1.92%;\" data-scroll-devices=\"small-visibility,medium-visibility,large-visibility\"><div class=\"fusion-column-wrapper fusion-column-has-shadow fusion-flex-justify-content-flex-start fusion-content-layout-column\"><div class=\"fusion-image-element \" style=\"text-align:center;--awb-caption-title-font-family:var(--h2_typography-font-family);--awb-caption-title-font-weight:var(--h2_typography-font-weight);--awb-caption-title-font-style:var(--h2_typography-font-style);--awb-caption-title-size:var(--h2_typography-font-size);--awb-caption-title-transform:var(--h2_typography-text-transform);--awb-caption-title-line-height:var(--h2_typography-line-height);--awb-caption-title-letter-spacing:var(--h2_typography-letter-spacing);\"><span class=\" fusion-imageframe imageframe-none imageframe-1 hover-type-none\" style=\"border-radius:4px;\"><a href=\"https:\/\/www.cuprumfoma.it\/wp-content\/uploads\/2025\/06\/ambiente-sicurezza.jpg\" class=\"fusion-lightbox\" data-rel=\"iLightbox[6bd0dda965fe0c0781c]\" data-title=\"ambiente-sicurezza\" title=\"ambiente-sicurezza\"><img decoding=\"async\" width=\"775\" height=\"358\" alt=\"Albero verde in mezzo alla natura\" src=\"https:\/\/www.cuprumfoma.it\/wp-content\/uploads\/2025\/06\/ambiente-sicurezza.jpg\" class=\"img-responsive wp-image-285\" srcset=\"https:\/\/www.cuprumfoma.it\/wp-content\/uploads\/2025\/06\/ambiente-sicurezza-300x139.jpg 300w, https:\/\/www.cuprumfoma.it\/wp-content\/uploads\/2025\/06\/ambiente-sicurezza-768x355.jpg 768w, https:\/\/www.cuprumfoma.it\/wp-content\/uploads\/2025\/06\/ambiente-sicurezza.jpg 775w\" sizes=\"(max-width: 775px) 100vw, 775px\" \/><\/a><\/span><\/div><\/div><\/div><div class=\"fusion-layout-column fusion_builder_column fusion-builder-column-1 fusion_builder_column_3_4 3_4 fusion-flex-column pagina-right\" style=\"--awb-z-index:1;--awb-bg-size:cover;--awb-width-large:75%;--awb-margin-top-large:0px;--awb-spacing-right-large:2.56%;--awb-margin-bottom-large:20px;--awb-spacing-left-large:2.56%;--awb-width-medium:66.666666666667%;--awb-order-medium:0;--awb-spacing-right-medium:2.88%;--awb-spacing-left-medium:2.88%;--awb-width-small:100%;--awb-order-small:0;--awb-spacing-right-small:1.92%;--awb-spacing-left-small:1.92%;\" data-scroll-devices=\"small-visibility,medium-visibility,large-visibility\"><div class=\"fusion-column-wrapper fusion-column-has-shadow fusion-flex-justify-content-flex-start fusion-content-layout-column\"><div class=\"fusion-title title fusion-title-1 fusion-sep-none fusion-title-text fusion-title-size-one\" style=\"--awb-margin-bottom:25px;--awb-margin-bottom-small:25px;\"><h1 class=\"fusion-title-heading title-heading-left\" style=\"margin:0;\">Nous produisons consciemment<\/h1><\/div><div class=\"fusion-text fusion-text-1\"><p>2014: obtention de la certification ISO 45001-2018<\/p>\n<p>2015: obtention de la certification UNI EN ISO 14001: 2004<\/p>\n<ul>\n<li>CUPRUMFOMA attache une importance strat\u00e9gique \u00e0 la protection de l&rsquo;environnement et \u00e0 la protection de la sant\u00e9 et de la s\u00e9curit\u00e9 de ses travailleurs. C&rsquo;est pourquoi, au fil des ann\u00e9es, elle a toujours \u0153uvr\u00e9 pour obtenir le maximum de r\u00e9sultats.<\/li>\n<li>Elle reconna\u00eet que les objectifs du syst\u00e8me de gestion de l&rsquo;environnement, de la sant\u00e9 et de la s\u00e9curit\u00e9 sont aussi importants que ceux de la productivit\u00e9 et de la rentabilit\u00e9 et que la responsabilit\u00e9 de les atteindre incombe \u00e0 l&rsquo;ensemble de la structure organisationnelle.<\/li>\n<li>Elle consid\u00e8re que l&rsquo;exigence minimale obligatoire est le respect des lois en vigueur et des autres documents sign\u00e9s par la soci\u00e9t\u00e9 en ce qui concerne ses propres risques.<\/li>\n<li>Elle s&rsquo;engage \u00e0 mettre en \u0153uvre efficacement toutes les actions visant \u00e0 pr\u00e9venir la pollution et \u00e0 r\u00e9duire les risques pour la sant\u00e9 et la s\u00e9curit\u00e9, ainsi qu&rsquo;\u00e0 pr\u00e9venir les accidents sur tous les lieux de travail o\u00f9 des activit\u00e9s sont men\u00e9es sous son contr\u00f4le.<\/li>\n<li>Elle s&rsquo;engage \u00e0 am\u00e9liorer en permanence les produits, les processus, les services, les activit\u00e9s et les comportements, en r\u00e9duisant autant que possible l&rsquo;impact sur l&rsquo;environnement, la sant\u00e9 et la s\u00e9curit\u00e9 au travail et en pr\u00e9venant les accidents et les situations d&rsquo;urgence.<\/li>\n<li>Elle s&rsquo;engage \u00e0 rationaliser autant que possible la consommation d&rsquo;\u00e9nergie et de ressources naturelles.<\/li>\n<li>Elle adopte des programmes \u00e0 moyen et long terme n\u00e9cessaires \u00e0 la protection de l&rsquo;environnement et \u00e0 la r\u00e9duction \/ ma\u00eetrise des risques pour la sant\u00e9 et la s\u00e9curit\u00e9, qui seront continuellement mis \u00e0 jour en fonction du d\u00e9veloppement technologique, des nouvelles d\u00e9couvertes et de l&rsquo;exp\u00e9rience acquise.<\/li>\n<li>Elle veille \u00e0 ce que la politique et le syst\u00e8me de gestion de l&rsquo;environnement \/ de la sant\u00e9 et de la s\u00e9curit\u00e9 au travail soient contr\u00f4l\u00e9s et examin\u00e9s en permanence dans toutes leur parties, afin de poursuivre les objectifs fix\u00e9s.<\/li>\n<li>Elle d\u00e9veloppe, maintient et contr\u00f4le un syst\u00e8me de documentation, y compris les proc\u00e9dures d&rsquo;urgence.<\/li>\n<li>Elle favorise le d\u00e9veloppement du professionnalisme, des comp\u00e9tences et de la sensibilit\u00e9 \u00e0 l&rsquo;environnement, \u00e0 la sant\u00e9 et \u00e0 la s\u00e9curit\u00e9 au travail de son personnel et des tiers avec lesquels elle op\u00e8re, par l&rsquo;information et la formation.<\/li>\n<li>Elle informe les fournisseurs et les sous-traitants de cette politique en mati\u00e8re d&rsquo;environnement, de sant\u00e9 et de s\u00e9curit\u00e9 au travail, en promouvant une collaboration \u00e9troite, afin d&rsquo;obtenir les meilleurs r\u00e9sultats en termes de performance environnementale.<\/li>\n<li>Elle entretient et favorise des relations de communication constructives avec les communaut\u00e9s locales et les autorit\u00e9s des diff\u00e9rents secteurs li\u00e9s \u00e0 l&rsquo;environnement, \u00e0 la sant\u00e9 et la s\u00e9curit\u00e9 au travail.<\/li>\n<\/ul>\n<\/div><\/div><\/div><\/div><\/div>\n","protected":false},"excerpt":{"rendered":"","protected":false},"author":1,"featured_media":0,"parent":0,"menu_order":0,"comment_status":"closed","ping_status":"closed","template":"100-width.php","meta":{"_acf_changed":false,"footnotes":""},"class_list":["post-1709","page","type-page","status-publish","hentry"],"acf":[],"yoast_head":"<!-- This site is optimized with the Yoast SEO plugin v25.6 - https:\/\/yoast.com\/wordpress\/plugins\/seo\/ -->\r\n<title>Environnement et S\u00e9curit\u00e9 - CUPRUMFOMA S.p.A.<\/title>\r\n<meta name=\"robots\" content=\"index, follow, max-snippet:-1, max-image-preview:large, max-video-preview:-1\" \/>\r\n<link rel=\"canonical\" href=\"https:\/\/www.cuprumfoma.it\/fr\/societe\/ambiente-e-sicurezza\/\" \/>\r\n<meta property=\"og:locale\" content=\"fr_FR\" \/>\r\n<meta property=\"og:type\" content=\"article\" \/>\r\n<meta property=\"og:title\" content=\"Environnement et S\u00e9curit\u00e9 - CUPRUMFOMA S.p.A.\" \/>\r\n<meta property=\"og:url\" content=\"https:\/\/www.cuprumfoma.it\/fr\/societe\/ambiente-e-sicurezza\/\" \/>\r\n<meta property=\"og:site_name\" content=\"CUPRUMFOMA S.p.A.\" \/>\r\n<meta property=\"article:modified_time\" content=\"2025-07-18T06:41:28+00:00\" \/>\r\n<meta name=\"twitter:card\" content=\"summary_large_image\" \/>\r\n<meta name=\"twitter:label1\" content=\"Dur\u00e9e de lecture estim\u00e9e\" \/>\n\t<meta name=\"twitter:data1\" content=\"13 minutes\" \/>\r\n<script type=\"application\/ld+json\" class=\"yoast-schema-graph\">{\"@context\":\"https:\/\/schema.org\",\"@graph\":[{\"@type\":\"WebPage\",\"@id\":\"https:\/\/www.cuprumfoma.it\/fr\/societe\/ambiente-e-sicurezza\/\",\"url\":\"https:\/\/www.cuprumfoma.it\/fr\/societe\/ambiente-e-sicurezza\/\",\"name\":\"Environnement et S\u00e9curit\u00e9 - CUPRUMFOMA S.p.A.\",\"isPartOf\":{\"@id\":\"https:\/\/www.cuprumfoma.it\/fr\/#website\"},\"datePublished\":\"2025-06-19T14:20:45+00:00\",\"dateModified\":\"2025-07-18T06:41:28+00:00\",\"breadcrumb\":{\"@id\":\"https:\/\/www.cuprumfoma.it\/fr\/societe\/ambiente-e-sicurezza\/#breadcrumb\"},\"inLanguage\":\"fr-FR\",\"potentialAction\":[{\"@type\":\"ReadAction\",\"target\":[\"https:\/\/www.cuprumfoma.it\/fr\/societe\/ambiente-e-sicurezza\/\"]}]},{\"@type\":\"BreadcrumbList\",\"@id\":\"https:\/\/www.cuprumfoma.it\/fr\/societe\/ambiente-e-sicurezza\/#breadcrumb\",\"itemListElement\":[{\"@type\":\"ListItem\",\"position\":1,\"name\":\"Home\",\"item\":\"https:\/\/www.cuprumfoma.it\/fr\/\"},{\"@type\":\"ListItem\",\"position\":2,\"name\":\"Environnement et S\u00e9curit\u00e9\"}]},{\"@type\":\"WebSite\",\"@id\":\"https:\/\/www.cuprumfoma.it\/fr\/#website\",\"url\":\"https:\/\/www.cuprumfoma.it\/fr\/\",\"name\":\"CUPRUMFOMA S.p.A.\",\"description\":\"Qualit\u00e0 e organizzazione al vostro servizio\",\"publisher\":{\"@id\":\"https:\/\/www.cuprumfoma.it\/fr\/#organization\"},\"potentialAction\":[{\"@type\":\"SearchAction\",\"target\":{\"@type\":\"EntryPoint\",\"urlTemplate\":\"https:\/\/www.cuprumfoma.it\/fr\/?s={search_term_string}\"},\"query-input\":{\"@type\":\"PropertyValueSpecification\",\"valueRequired\":true,\"valueName\":\"search_term_string\"}}],\"inLanguage\":\"fr-FR\"},{\"@type\":\"Organization\",\"@id\":\"https:\/\/www.cuprumfoma.it\/fr\/#organization\",\"name\":\"CUPRUMFOMA S.p.A.\",\"url\":\"https:\/\/www.cuprumfoma.it\/fr\/\",\"logo\":{\"@type\":\"ImageObject\",\"inLanguage\":\"fr-FR\",\"@id\":\"https:\/\/www.cuprumfoma.it\/fr\/#\/schema\/logo\/image\/\",\"url\":\"https:\/\/www.cuprumfoma.it\/wp-content\/uploads\/2025\/06\/logo-cuprumfoma-rame.png\",\"contentUrl\":\"https:\/\/www.cuprumfoma.it\/wp-content\/uploads\/2025\/06\/logo-cuprumfoma-rame.png\",\"width\":239,\"height\":53,\"caption\":\"CUPRUMFOMA S.p.A.\"},\"image\":{\"@id\":\"https:\/\/www.cuprumfoma.it\/fr\/#\/schema\/logo\/image\/\"}}]}<\/script>\r\n<!-- \/ Yoast SEO plugin. -->","yoast_head_json":{"title":"Environnement et S\u00e9curit\u00e9 - CUPRUMFOMA S.p.A.","robots":{"index":"index","follow":"follow","max-snippet":"max-snippet:-1","max-image-preview":"max-image-preview:large","max-video-preview":"max-video-preview:-1"},"canonical":"https:\/\/www.cuprumfoma.it\/fr\/societe\/ambiente-e-sicurezza\/","og_locale":"fr_FR","og_type":"article","og_title":"Environnement et S\u00e9curit\u00e9 - CUPRUMFOMA S.p.A.","og_url":"https:\/\/www.cuprumfoma.it\/fr\/societe\/ambiente-e-sicurezza\/","og_site_name":"CUPRUMFOMA S.p.A.","article_modified_time":"2025-07-18T06:41:28+00:00","twitter_card":"summary_large_image","twitter_misc":{"Dur\u00e9e de lecture estim\u00e9e":"13 minutes"},"schema":{"@context":"https:\/\/schema.org","@graph":[{"@type":"WebPage","@id":"https:\/\/www.cuprumfoma.it\/fr\/societe\/ambiente-e-sicurezza\/","url":"https:\/\/www.cuprumfoma.it\/fr\/societe\/ambiente-e-sicurezza\/","name":"Environnement et S\u00e9curit\u00e9 - CUPRUMFOMA S.p.A.","isPartOf":{"@id":"https:\/\/www.cuprumfoma.it\/fr\/#website"},"datePublished":"2025-06-19T14:20:45+00:00","dateModified":"2025-07-18T06:41:28+00:00","breadcrumb":{"@id":"https:\/\/www.cuprumfoma.it\/fr\/societe\/ambiente-e-sicurezza\/#breadcrumb"},"inLanguage":"fr-FR","potentialAction":[{"@type":"ReadAction","target":["https:\/\/www.cuprumfoma.it\/fr\/societe\/ambiente-e-sicurezza\/"]}]},{"@type":"BreadcrumbList","@id":"https:\/\/www.cuprumfoma.it\/fr\/societe\/ambiente-e-sicurezza\/#breadcrumb","itemListElement":[{"@type":"ListItem","position":1,"name":"Home","item":"https:\/\/www.cuprumfoma.it\/fr\/"},{"@type":"ListItem","position":2,"name":"Environnement et S\u00e9curit\u00e9"}]},{"@type":"WebSite","@id":"https:\/\/www.cuprumfoma.it\/fr\/#website","url":"https:\/\/www.cuprumfoma.it\/fr\/","name":"CUPRUMFOMA S.p.A.","description":"Qualit\u00e0 e organizzazione al vostro servizio","publisher":{"@id":"https:\/\/www.cuprumfoma.it\/fr\/#organization"},"potentialAction":[{"@type":"SearchAction","target":{"@type":"EntryPoint","urlTemplate":"https:\/\/www.cuprumfoma.it\/fr\/?s={search_term_string}"},"query-input":{"@type":"PropertyValueSpecification","valueRequired":true,"valueName":"search_term_string"}}],"inLanguage":"fr-FR"},{"@type":"Organization","@id":"https:\/\/www.cuprumfoma.it\/fr\/#organization","name":"CUPRUMFOMA S.p.A.","url":"https:\/\/www.cuprumfoma.it\/fr\/","logo":{"@type":"ImageObject","inLanguage":"fr-FR","@id":"https:\/\/www.cuprumfoma.it\/fr\/#\/schema\/logo\/image\/","url":"https:\/\/www.cuprumfoma.it\/wp-content\/uploads\/2025\/06\/logo-cuprumfoma-rame.png","contentUrl":"https:\/\/www.cuprumfoma.it\/wp-content\/uploads\/2025\/06\/logo-cuprumfoma-rame.png","width":239,"height":53,"caption":"CUPRUMFOMA S.p.A."},"image":{"@id":"https:\/\/www.cuprumfoma.it\/fr\/#\/schema\/logo\/image\/"}}]}},"_links":{"self":[{"href":"https:\/\/www.cuprumfoma.it\/fr\/wp-json\/wp\/v2\/pages\/1709","targetHints":{"allow":["GET"]}}],"collection":[{"href":"https:\/\/www.cuprumfoma.it\/fr\/wp-json\/wp\/v2\/pages"}],"about":[{"href":"https:\/\/www.cuprumfoma.it\/fr\/wp-json\/wp\/v2\/types\/page"}],"author":[{"embeddable":true,"href":"https:\/\/www.cuprumfoma.it\/fr\/wp-json\/wp\/v2\/users\/1"}],"replies":[{"embeddable":true,"href":"https:\/\/www.cuprumfoma.it\/fr\/wp-json\/wp\/v2\/comments?post=1709"}],"version-history":[{"count":1,"href":"https:\/\/www.cuprumfoma.it\/fr\/wp-json\/wp\/v2\/pages\/1709\/revisions"}],"predecessor-version":[{"id":1710,"href":"https:\/\/www.cuprumfoma.it\/fr\/wp-json\/wp\/v2\/pages\/1709\/revisions\/1710"}],"wp:attachment":[{"href":"https:\/\/www.cuprumfoma.it\/fr\/wp-json\/wp\/v2\/media?parent=1709"}],"curies":[{"name":"wp","href":"https:\/\/api.w.org\/{rel}","templated":true}]}}